{"id":34,"date":"2022-09-23T11:20:26","date_gmt":"2022-09-23T09:20:26","guid":{"rendered":"https:\/\/minola.rapiera.com\/?page_id=34"},"modified":"2024-08-14T14:38:31","modified_gmt":"2024-08-14T12:38:31","slug":"devenez-franchise","status":"publish","type":"page","link":"https:\/\/www.newjump.com\/rennes\/devenez-franchise\/","title":{"rendered":"Devenez franchis\u00e9"},"content":{"rendered":"\t\t<div data-elementor-type=\"wp-page\" data-elementor-id=\"34\" class=\"elementor elementor-34\" data-elementor-post-type=\"page\">\n\t\t\t\t\t\t<section class=\"elementor-section elementor-top-section elementor-element elementor-element-f0a32d8 elementor-section-content-middle elementor-section-boxed elementor-section-height-default elementor-section-height-default\" data-id=\"f0a32d8\" data-element_type=\"section\">\n\t\t\t\t\t\t<div class=\"elementor-container elementor-column-gap-default\">\n\t\t\t\t\t<div class=\"elementor-column elementor-col-50 elementor-top-column elementor-element elementor-element-28ab0dc0\" data-id=\"28ab0dc0\" data-element_type=\"column\">\n\t\t\t<div class=\"elementor-widget-wrap elementor-element-populated\">\n\t\t\t\t\t\t<div class=\"elementor-element elementor-element-51597d62 elementor-widget elementor-widget-image\" data-id=\"51597d62\" data-element_type=\"widget\" data-widget_type=\"image.default\">\n\t\t\t\t<div class=\"elementor-widget-container\">\n\t\t\t<style>\/*! elementor - v3.23.0 - 05-08-2024 *\/\n.elementor-widget-image{text-align:center}.elementor-widget-image a{display:inline-block}.elementor-widget-image a img[src$=\".svg\"]{width:48px}.elementor-widget-image img{vertical-align:middle;display:inline-block}<\/style>\t\t\t\t\t\t\t\t\t\t<img decoding=\"async\" src=\"https:\/\/www.newjump.com\/rennes\/wp-content\/uploads\/2022\/09\/carre-orange-1.svg\" class=\"attachment-full size-full wp-image-947\" alt=\"\" \/>\t\t\t\t\t\t\t\t\t\t\t\t\t<\/div>\n\t\t\t\t<\/div>\n\t\t\t\t<div class=\"elementor-element elementor-element-5519b007 elementor-widget elementor-widget-heading\" data-id=\"5519b007\" data-element_type=\"widget\" data-widget_type=\"heading.default\">\n\t\t\t\t<div class=\"elementor-widget-container\">\n\t\t\t<style>\/*! elementor - v3.23.0 - 05-08-2024 *\/\n.elementor-heading-title{padding:0;margin:0;line-height:1}.elementor-widget-heading .elementor-heading-title[class*=elementor-size-]>a{color:inherit;font-size:inherit;line-height:inherit}.elementor-widget-heading .elementor-heading-title.elementor-size-small{font-size:15px}.elementor-widget-heading .elementor-heading-title.elementor-size-medium{font-size:19px}.elementor-widget-heading .elementor-heading-title.elementor-size-large{font-size:29px}.elementor-widget-heading .elementor-heading-title.elementor-size-xl{font-size:39px}.elementor-widget-heading .elementor-heading-title.elementor-size-xxl{font-size:59px}<\/style><h2 class=\"elementor-heading-title elementor-size-default\">Pourquoi devenir<br>\nfranchis\u00e9 de votre<br>\ntrampoline park ?<\/h2>\t\t<\/div>\n\t\t\t\t<\/div>\n\t\t\t\t<div class=\"elementor-element elementor-element-39b4907d elementor-widget elementor-widget-text-editor\" data-id=\"39b4907d\" data-element_type=\"widget\" data-widget_type=\"text-editor.default\">\n\t\t\t\t<div class=\"elementor-widget-container\">\n\t\t\t<style>\/*! elementor - v3.23.0 - 05-08-2024 *\/\n.elementor-widget-text-editor.elementor-drop-cap-view-stacked .elementor-drop-cap{background-color:#69727d;color:#fff}.elementor-widget-text-editor.elementor-drop-cap-view-framed .elementor-drop-cap{color:#69727d;border:3px solid;background-color:transparent}.elementor-widget-text-editor:not(.elementor-drop-cap-view-default) .elementor-drop-cap{margin-top:8px}.elementor-widget-text-editor:not(.elementor-drop-cap-view-default) .elementor-drop-cap-letter{width:1em;height:1em}.elementor-widget-text-editor .elementor-drop-cap{float:left;text-align:center;line-height:1;font-size:50px}.elementor-widget-text-editor .elementor-drop-cap-letter{display:inline-block}<\/style>\t\t\t\t<p class=\"MuiTypography-root MuiTypography-body1 MuiTypography-paragraph css-1dv3cs7\">Rejoignez l&rsquo;aventure New Jump et ouvrez votre propre parc de trampolines en franchise ! Avec plus de 13 ans d&rsquo;exp\u00e9rience dans le domaine des loisirs.&nbsp;<\/p>\n<p class=\"MuiTypography-root MuiTypography-body1 MuiTypography-paragraph css-1dv3cs7\">En devenant franchis\u00e9 New Jump, vous b\u00e9n\u00e9ficiez :<\/p>\n<ul>\n<li>\n<p class=\"MuiTypography-root MuiTypography-body1 MuiTypography-paragraph css-1dv3cs7\">D&rsquo;un concept innovant et rentable qui s\u00e9duit une large client\u00e8le (enfants, ados, adultes) en qu\u00eate d&rsquo;activit\u00e9s sportives fun et s\u00e9curis\u00e9es<\/p>\n<\/li>\n<li>\n<p class=\"MuiTypography-root MuiTypography-body1 MuiTypography-paragraph css-1dv3cs7\">D&rsquo;un accompagnement complet, de la conception de votre projet \u00e0 l&rsquo;ouverture de votre parc : business plan, agencement, formation, mise en relation avec les fournisseurs&#8230;<\/p>\n<\/li>\n<li>\n<p class=\"MuiTypography-root MuiTypography-body1 MuiTypography-paragraph css-1dv3cs7\">De l&rsquo;exp\u00e9rience et du savoir-faire de tout le r\u00e9seau pour optimiser votre r\u00e9ussite<\/p>\n<\/li>\n<li>\n<p class=\"MuiTypography-root MuiTypography-body1 MuiTypography-paragraph css-1dv3cs7\">D&rsquo;une forte notori\u00e9t\u00e9 et visibilit\u00e9 gr\u00e2ce \u00e0 une marque reconnue dans l&rsquo;univers des loisirs indoor<\/p>\n<\/li>\n<\/ul>\n<p class=\"MuiTypography-root MuiTypography-body1 MuiTypography-paragraph css-1dv3cs7\">Avec un droit d&rsquo;entr\u00e9e accessible et un potentiel de chiffre d&rsquo;affaires \u00e9lev\u00e9, ouvrir un trampoline park New Jump est un investissement prometteur. Les parcs proposent de multiples activit\u00e9s ludiques et sportives (parcours ninja, dodgeball, dunk basket&#8230;) pour attirer un maximum de clients.<\/p>\n<p class=\"MuiTypography-root MuiTypography-body1 MuiTypography-paragraph css-1dv3cs7\">Vous avez la fibre entrepreneuriale et souhaitez vous lancer dans un secteur porteur et en plein essor ? Rejoignez d\u00e8s maintenant la franchise New Jump, le sp\u00e9cialiste fran\u00e7ais du trampoline park, pour un projet cl\u00e9 en main \u00e0 forte rentabilit\u00e9. L&rsquo;\u00e9quipe vous accompagne \u00e0 chaque \u00e9tape pour faire de votre parc une r\u00e9ussite !<\/p>\t\t\t\t\t\t<\/div>\n\t\t\t\t<\/div>\n\t\t\t\t<section class=\"elementor-section elementor-inner-section elementor-element elementor-element-4634645f elementor-section-full_width elementor-section-height-default elementor-section-height-default\" data-id=\"4634645f\" data-element_type=\"section\" data-settings=\"{&quot;background_background&quot;:&quot;classic&quot;}\">\n\t\t\t\t\t\t<div class=\"elementor-container elementor-column-gap-default\">\n\t\t\t\t\t<div class=\"elementor-column elementor-col-100 elementor-inner-column elementor-element elementor-element-3e5e8ecc\" data-id=\"3e5e8ecc\" data-element_type=\"column\">\n\t\t\t<div class=\"elementor-widget-wrap elementor-element-populated\">\n\t\t\t\t\t\t<div class=\"elementor-element elementor-element-1d2e42e1 elementor-icon-list--layout-traditional elementor-list-item-link-full_width elementor-widget elementor-widget-icon-list\" data-id=\"1d2e42e1\" data-element_type=\"widget\" data-widget_type=\"icon-list.default\">\n\t\t\t\t<div class=\"elementor-widget-container\">\n\t\t\t<link rel=\"stylesheet\" href=\"https:\/\/www.newjump.com\/rennes\/wp-content\/uploads\/elementor\/css\/custom-widget-icon-list.min.css?ver=1725696638\">\t\t<ul class=\"elementor-icon-list-items\">\n\t\t\t\t\t\t\t<li class=\"elementor-icon-list-item\">\n\t\t\t\t\t\t\t\t\t\t\t<span class=\"elementor-icon-list-icon\">\n\t\t\t\t\t\t\t<i aria-hidden=\"true\" class=\"fas fa-check\"><\/i>\t\t\t\t\t\t<\/span>\n\t\t\t\t\t\t\t\t\t\t<span class=\"elementor-icon-list-text\">Un nom porteur<\/span>\n\t\t\t\t\t\t\t\t\t<\/li>\n\t\t\t\t\t\t\t\t<li class=\"elementor-icon-list-item\">\n\t\t\t\t\t\t\t\t\t\t\t<span class=\"elementor-icon-list-icon\">\n\t\t\t\t\t\t\t<i aria-hidden=\"true\" class=\"fas fa-check\"><\/i>\t\t\t\t\t\t<\/span>\n\t\t\t\t\t\t\t\t\t\t<span class=\"elementor-icon-list-text\">Un site internet d\u00e9di\u00e9 pour votre parc <\/span>\n\t\t\t\t\t\t\t\t\t<\/li>\n\t\t\t\t\t\t\t\t<li class=\"elementor-icon-list-item\">\n\t\t\t\t\t\t\t\t\t\t\t<span class=\"elementor-icon-list-icon\">\n\t\t\t\t\t\t\t<i aria-hidden=\"true\" class=\"fas fa-check\"><\/i>\t\t\t\t\t\t<\/span>\n\t\t\t\t\t\t\t\t\t\t<span class=\"elementor-icon-list-text\">Un concept qui s\u2019adresse \u00e0 tous (enfants, ados et adultes) <\/span>\n\t\t\t\t\t\t\t\t\t<\/li>\n\t\t\t\t\t\t\t\t<li class=\"elementor-icon-list-item\">\n\t\t\t\t\t\t\t\t\t\t\t<span class=\"elementor-icon-list-icon\">\n\t\t\t\t\t\t\t<i aria-hidden=\"true\" class=\"fas fa-check\"><\/i>\t\t\t\t\t\t<\/span>\n\t\t\t\t\t\t\t\t\t\t<span class=\"elementor-icon-list-text\">Un espace snack-bar pour plus de confort <\/span>\n\t\t\t\t\t\t\t\t\t<\/li>\n\t\t\t\t\t\t\t\t<li class=\"elementor-icon-list-item\">\n\t\t\t\t\t\t\t\t\t\t\t<span class=\"elementor-icon-list-icon\">\n\t\t\t\t\t\t\t<i aria-hidden=\"true\" class=\"fas fa-check\"><\/i>\t\t\t\t\t\t<\/span>\n\t\t\t\t\t\t\t\t\t\t<span class=\"elementor-icon-list-text\">Des parcs de tailles dif\u00e9rentes pour s\u2019adapter \u00e0 votre zone g\u00e9ographique<\/span>\n\t\t\t\t\t\t\t\t\t<\/li>\n\t\t\t\t\t\t\t\t<li class=\"elementor-icon-list-item\">\n\t\t\t\t\t\t\t\t\t\t\t<span class=\"elementor-icon-list-icon\">\n\t\t\t\t\t\t\t<i aria-hidden=\"true\" class=\"fas fa-check\"><\/i>\t\t\t\t\t\t<\/span>\n\t\t\t\t\t\t\t\t\t\t<span class=\"elementor-icon-list-text\">Un large choix d\u2019activit\u00e9 pour toutes les occasions <\/span>\n\t\t\t\t\t\t\t\t\t<\/li>\n\t\t\t\t\t\t\t\t<li class=\"elementor-icon-list-item\">\n\t\t\t\t\t\t\t\t\t\t\t<span class=\"elementor-icon-list-icon\">\n\t\t\t\t\t\t\t<i aria-hidden=\"true\" class=\"fas fa-check\"><\/i>\t\t\t\t\t\t<\/span>\n\t\t\t\t\t\t\t\t\t\t<span class=\"elementor-icon-list-text\">Des op\u00e9rations commerciales pour vous soutenir dans la promotion de votre activit\u00e9<\/span>\n\t\t\t\t\t\t\t\t\t<\/li>\n\t\t\t\t\t\t<\/ul>\n\t\t\t\t<\/div>\n\t\t\t\t<\/div>\n\t\t\t\t\t<\/div>\n\t\t<\/div>\n\t\t\t\t\t<\/div>\n\t\t<\/section>\n\t\t\t\t\t<\/div>\n\t\t<\/div>\n\t\t\t\t<div class=\"elementor-column elementor-col-50 elementor-top-column elementor-element elementor-element-45b8583f\" data-id=\"45b8583f\" data-element_type=\"column\">\n\t\t\t<div class=\"elementor-widget-wrap elementor-element-populated\">\n\t\t\t\t\t\t<div class=\"elementor-element elementor-element-5b810960 elementor-widget elementor-widget-image\" data-id=\"5b810960\" data-element_type=\"widget\" data-widget_type=\"image.default\">\n\t\t\t\t<div class=\"elementor-widget-container\">\n\t\t\t\t\t\t\t\t\t\t\t\t\t<img fetchpriority=\"high\" decoding=\"async\" width=\"1778\" height=\"1808\" src=\"https:\/\/www.newjump.com\/rennes\/wp-content\/uploads\/2024\/08\/franchise-trampoline-park.png\" class=\"attachment-full size-full wp-image-3842\" alt=\"\" srcset=\"https:\/\/www.newjump.com\/rennes\/wp-content\/uploads\/2024\/08\/franchise-trampoline-park.png 1778w, https:\/\/www.newjump.com\/rennes\/wp-content\/uploads\/2024\/08\/franchise-trampoline-park-295x300.png 295w, https:\/\/www.newjump.com\/rennes\/wp-content\/uploads\/2024\/08\/franchise-trampoline-park-1007x1024.png 1007w, https:\/\/www.newjump.com\/rennes\/wp-content\/uploads\/2024\/08\/franchise-trampoline-park-768x781.png 768w, https:\/\/www.newjump.com\/rennes\/wp-content\/uploads\/2024\/08\/franchise-trampoline-park-1511x1536.png 1511w\" sizes=\"(max-width: 1778px) 100vw, 1778px\" \/>\t\t\t\t\t\t\t\t\t\t\t\t\t<\/div>\n\t\t\t\t<\/div>\n\t\t\t\t\t<\/div>\n\t\t<\/div>\n\t\t\t\t\t<\/div>\n\t\t<\/section>\n\t\t\t\t<section class=\"elementor-section elementor-top-section elementor-element elementor-element-3cc7f2e1 elementor-section-boxed elementor-section-height-default elementor-section-height-default\" data-id=\"3cc7f2e1\" data-element_type=\"section\" id=\"etape-securite\">\n\t\t\t\t\t\t<div class=\"elementor-container elementor-column-gap-default\">\n\t\t\t\t\t<div class=\"elementor-column elementor-col-33 elementor-top-column elementor-element elementor-element-7e94068c\" data-id=\"7e94068c\" data-element_type=\"column\" data-settings=\"{&quot;background_background&quot;:&quot;classic&quot;}\">\n\t\t\t<div class=\"elementor-widget-wrap elementor-element-populated\">\n\t\t\t\t\t\t<div class=\"elementor-element elementor-element-503193ee elementor-widget elementor-widget-heading\" data-id=\"503193ee\" data-element_type=\"widget\" data-widget_type=\"heading.default\">\n\t\t\t\t<div class=\"elementor-widget-container\">\n\t\t\t<h2 class=\"elementor-heading-title elementor-size-default\">Rencontrer des franchiseurs<br>\naccessibles et une \u00e9quipe \u00e0 l\u2019\u00e9coute<br>\nde vos besoins. <\/h2>\t\t<\/div>\n\t\t\t\t<\/div>\n\t\t\t\t<div class=\"elementor-element elementor-element-4b186e2 elementor-widget elementor-widget-text-editor\" data-id=\"4b186e2\" data-element_type=\"widget\" data-widget_type=\"text-editor.default\">\n\t\t\t\t<div class=\"elementor-widget-container\">\n\t\t\t\t\t\t\tR\u00e9alisez votre projet de parc de loisir en\n\u00e9tant \u00e9paul\u00e9 par une \u00e9quipe de\nprofessionnels dynamiques, bienveillants\net engag\u00e9s autour de votre ambition.\t\t\t\t\t\t<\/div>\n\t\t\t\t<\/div>\n\t\t\t\t\t<\/div>\n\t\t<\/div>\n\t\t\t\t<div class=\"elementor-column elementor-col-33 elementor-top-column elementor-element elementor-element-7886a3be\" data-id=\"7886a3be\" data-element_type=\"column\" data-settings=\"{&quot;background_background&quot;:&quot;classic&quot;}\">\n\t\t\t<div class=\"elementor-widget-wrap elementor-element-populated\">\n\t\t\t\t\t\t<div class=\"elementor-element elementor-element-2038a27 elementor-widget elementor-widget-heading\" data-id=\"2038a27\" data-element_type=\"widget\" data-widget_type=\"heading.default\">\n\t\t\t\t<div class=\"elementor-widget-container\">\n\t\t\t<h2 class=\"elementor-heading-title elementor-size-default\">Profiter de larges moyens humains<br>\net techniques. <\/h2>\t\t<\/div>\n\t\t\t\t<\/div>\n\t\t\t\t<div class=\"elementor-element elementor-element-2c4762bb elementor-widget elementor-widget-text-editor\" data-id=\"2c4762bb\" data-element_type=\"widget\" data-widget_type=\"text-editor.default\">\n\t\t\t\t<div class=\"elementor-widget-container\">\n\t\t\t\t\t\t\t<p>Nous mettons nos comp\u00e9tences et nos<br \/>moyens \u00e0 votre disposition pour<br \/>d\u00e9velopper facilement votre propre parc<br \/>de loisir. Nos franchis\u00e9s b\u00e9n\u00e9ficient de<br \/>notre r\u00e9seau professionnel, notre<br \/>expertise et nos ressources techniques<br \/>ce qui repr\u00e9sente une aide non<br \/>n\u00e9gligeable et leur permet d\u00e9marrer leur<br \/>activit\u00e9 sereinement.<\/p>\t\t\t\t\t\t<\/div>\n\t\t\t\t<\/div>\n\t\t\t\t\t<\/div>\n\t\t<\/div>\n\t\t\t\t<div class=\"elementor-column elementor-col-33 elementor-top-column elementor-element elementor-element-42f9af27\" data-id=\"42f9af27\" data-element_type=\"column\" data-settings=\"{&quot;background_background&quot;:&quot;classic&quot;}\">\n\t\t\t<div class=\"elementor-widget-wrap elementor-element-populated\">\n\t\t\t\t\t\t<div class=\"elementor-element elementor-element-2bd8dca3 elementor-widget elementor-widget-heading\" data-id=\"2bd8dca3\" data-element_type=\"widget\" data-widget_type=\"heading.default\">\n\t\t\t\t<div class=\"elementor-widget-container\">\n\t\t\t<h2 class=\"elementor-heading-title elementor-size-default\">B\u00e9n\u00e9ficier d\u2019une formation de<br>\nqualit\u00e9<\/h2>\t\t<\/div>\n\t\t\t\t<\/div>\n\t\t\t\t<div class=\"elementor-element elementor-element-3ad3e5c elementor-widget elementor-widget-text-editor\" data-id=\"3ad3e5c\" data-element_type=\"widget\" data-widget_type=\"text-editor.default\">\n\t\t\t\t<div class=\"elementor-widget-container\">\n\t\t\t\t\t\t\t<p>Profitez d\u2019une formation qui vous donnera<br \/>les connaissances n\u00e9cessaires au<br \/>d\u00e9veloppement de votre parc de loisir.<br \/>Comp\u00e9tences techniques, notion de<br \/>gestion et management vous permettront<br \/>d\u2019atteindre rapidement vos objectifs<br \/>professionnels au sein de notre r\u00e9seau de<br \/>franchises<\/p>\t\t\t\t\t\t<\/div>\n\t\t\t\t<\/div>\n\t\t\t\t\t<\/div>\n\t\t<\/div>\n\t\t\t\t\t<\/div>\n\t\t<\/section>\n\t\t\t\t<section class=\"elementor-section elementor-top-section elementor-element elementor-element-7fcdf07 elementor-section-boxed elementor-section-height-default elementor-section-height-default\" data-id=\"7fcdf07\" data-element_type=\"section\">\n\t\t\t\t\t\t<div class=\"elementor-container elementor-column-gap-default\">\n\t\t\t\t\t<div class=\"elementor-column elementor-col-100 elementor-top-column elementor-element elementor-element-6663da5f\" data-id=\"6663da5f\" data-element_type=\"column\">\n\t\t\t<div class=\"elementor-widget-wrap elementor-element-populated\">\n\t\t\t\t\t\t<div class=\"elementor-element elementor-element-270b9dcc elementor-align-center elementor-widget elementor-widget-button\" data-id=\"270b9dcc\" data-element_type=\"widget\" data-widget_type=\"button.default\">\n\t\t\t\t<div class=\"elementor-widget-container\">\n\t\t\t\t\t<div class=\"elementor-button-wrapper\">\n\t\t\t<a class=\"elementor-button elementor-button-link elementor-size-sm\" href=\"https:\/\/newjump.franchiseoncloud.fr\/extranet\/leadsforms\/display\/66bc9f114c240c41f6041016\">\n\t\t\t\t\t\t<span class=\"elementor-button-content-wrapper\">\n\t\t\t\t\t\t\t\t\t<span class=\"elementor-button-text\">Devenir franchis\u00e9<\/span>\n\t\t\t\t\t<\/span>\n\t\t\t\t\t<\/a>\n\t\t<\/div>\n\t\t\t\t<\/div>\n\t\t\t\t<\/div>\n\t\t\t\t\t<\/div>\n\t\t<\/div>\n\t\t\t\t\t<\/div>\n\t\t<\/section>\n\t\t\t\t<section class=\"elementor-section elementor-top-section elementor-element elementor-element-9c6ce43 elementor-section-boxed elementor-section-height-default elementor-section-height-default\" data-id=\"9c6ce43\" data-element_type=\"section\">\n\t\t\t\t\t\t<div class=\"elementor-container elementor-column-gap-default\">\n\t\t\t\t\t<div class=\"elementor-column elementor-col-100 elementor-top-column elementor-element elementor-element-2bd0b7b\" data-id=\"2bd0b7b\" data-element_type=\"column\">\n\t\t\t<div class=\"elementor-widget-wrap\">\n\t\t\t\t\t\t\t<\/div>\n\t\t<\/div>\n\t\t\t\t\t<\/div>\n\t\t<\/section>\n\t\t\t\t<section class=\"elementor-section elementor-top-section elementor-element elementor-element-c536dbd elementor-section-boxed elementor-section-height-default elementor-section-height-default\" data-id=\"c536dbd\" data-element_type=\"section\">\n\t\t\t\t\t\t<div class=\"elementor-container elementor-column-gap-default\">\n\t\t\t\t\t<div class=\"elementor-column elementor-col-100 elementor-top-column elementor-element elementor-element-94e52b5\" data-id=\"94e52b5\" data-element_type=\"column\">\n\t\t\t<div class=\"elementor-widget-wrap elementor-element-populated\">\n\t\t\t\t\t\t<div class=\"elementor-element elementor-element-9b57a25 elementor-widget elementor-widget-html\" data-id=\"9b57a25\" data-element_type=\"widget\" data-widget_type=\"html.default\">\n\t\t\t\t<div class=\"elementor-widget-container\">\n\t\t\t<script type=\"text\/javascript\" src=\"https:\/\/newjump.franchiseoncloud.fr\/build\/assets\/leads-form-injector.min.js\" data-form=\"66bc9f114c240c41f6041016\"><\/script>\n<iframe id=\"leads_form_66bc9f114c240c41f6041016\" src=\"https:\/\/newjump.franchiseoncloud.fr\/extranet\/leadsforms\/display\/66bc9f114c240c41f6041016?iframe\" scrolling=\"no\" style=\"width:100%;border:0;overflow:hidden;\" \/>\t\t<\/div>\n\t\t\t\t<\/div>\n\t\t\t\t\t<\/div>\n\t\t<\/div>\n\t\t\t\t\t<\/div>\n\t\t<\/section>\n\t\t\t\t<\/div>\n\t\t","protected":false},"excerpt":{"rendered":"<p>Pourquoi devenir franchis\u00e9 de votre trampoline park ? Rejoignez l&rsquo;aventure New Jump et ouvrez votre propre parc de trampolines en franchise ! Avec plus de 13 ans d&rsquo;exp\u00e9rience dans le domaine des loisirs.&nbsp; En devenant franchis\u00e9 New Jump, vous b\u00e9n\u00e9ficiez : D&rsquo;un concept innovant et rentable qui s\u00e9duit une large client\u00e8le (enfants, ados, adultes) en [&hellip;]<\/p>\n","protected":false},"author":1,"featured_media":0,"parent":0,"menu_order":0,"comment_status":"closed","ping_status":"closed","template":"elementor_header_footer","meta":{"site-sidebar-layout":"no-sidebar","site-content-layout":"page-builder","ast-site-content-layout":"","site-content-style":"default","site-sidebar-style":"default","ast-global-header-display":"","ast-banner-title-visibility":"","ast-main-header-display":"","ast-hfb-above-header-display":"","ast-hfb-below-header-display":"","ast-hfb-mobile-header-display":"","site-post-title":"disabled","ast-breadcrumbs-content":"","ast-featured-img":"disabled","footer-sml-layout":"","theme-transparent-header-meta":"","adv-header-id-meta":"","stick-header-meta":"","header-above-stick-meta":"","header-main-stick-meta":"","header-below-stick-meta":"","astra-migrate-meta-layouts":"default","ast-page-background-enabled":"default","ast-page-background-meta":{"desktop":{"background-color":"var(--ast-global-color-4)","background-image":"","background-repeat":"repeat","background-position":"center center","background-size":"auto","background-attachment":"scroll","background-type":"","background-media":"","overlay-type":"","overlay-color":"","overlay-gradient":""},"tablet":{"background-color":"","background-image":"","background-repeat":"repeat","background-position":"center center","background-size":"auto","background-attachment":"scroll","background-type":"","background-media":"","overlay-type":"","overlay-color":"","overlay-gradient":""},"mobile":{"background-color":"","background-image":"","background-repeat":"repeat","background-position":"center center","background-size":"auto","background-attachment":"scroll","background-type":"","background-media":"","overlay-type":"","overlay-color":"","overlay-gradient":""}},"ast-content-background-meta":{"desktop":{"background-color":"var(--ast-global-color-5)","background-image":"","background-repeat":"repeat","background-position":"center center","background-size":"auto","background-attachment":"scroll","background-type":"","background-media":"","overlay-type":"","overlay-color":"","overlay-gradient":""},"tablet":{"background-color":"var(--ast-global-color-5)","background-image":"","background-repeat":"repeat","background-position":"center center","background-size":"auto","background-attachment":"scroll","background-type":"","background-media":"","overlay-type":"","overlay-color":"","overlay-gradient":""},"mobile":{"background-color":"var(--ast-global-color-5)","background-image":"","background-repeat":"repeat","background-position":"center center","background-size":"auto","background-attachment":"scroll","background-type":"","background-media":"","overlay-type":"","overlay-color":"","overlay-gradient":""}},"iawp_total_views":8,"footnotes":""},"class_list":["post-34","page","type-page","status-publish","hentry"],"_links":{"self":[{"href":"https:\/\/www.newjump.com\/rennes\/wp-json\/wp\/v2\/pages\/34","targetHints":{"allow":["GET"]}}],"collection":[{"href":"https:\/\/www.newjump.com\/rennes\/wp-json\/wp\/v2\/pages"}],"about":[{"href":"https:\/\/www.newjump.com\/rennes\/wp-json\/wp\/v2\/types\/page"}],"author":[{"embeddable":true,"href":"https:\/\/www.newjump.com\/rennes\/wp-json\/wp\/v2\/users\/1"}],"replies":[{"embeddable":true,"href":"https:\/\/www.newjump.com\/rennes\/wp-json\/wp\/v2\/comments?post=34"}],"version-history":[{"count":12,"href":"https:\/\/www.newjump.com\/rennes\/wp-json\/wp\/v2\/pages\/34\/revisions"}],"predecessor-version":[{"id":3848,"href":"https:\/\/www.newjump.com\/rennes\/wp-json\/wp\/v2\/pages\/34\/revisions\/3848"}],"wp:attachment":[{"href":"https:\/\/www.newjump.com\/rennes\/wp-json\/wp\/v2\/media?parent=34"}],"curies":[{"name":"wp","href":"https:\/\/api.w.org\/{rel}","templated":true}]}}