{"id":34,"date":"2022-09-23T11:20:26","date_gmt":"2022-09-23T09:20:26","guid":{"rendered":"https:\/\/minola.rapiera.com\/?page_id=34"},"modified":"2024-08-16T14:10:22","modified_gmt":"2024-08-16T12:10:22","slug":"devenez-franchise","status":"publish","type":"page","link":"https:\/\/www.newjump.com\/nimes\/devenez-franchise\/","title":{"rendered":"Devenez franchis\u00e9 trampoline park"},"content":{"rendered":"\t\t<div data-elementor-type=\"wp-page\" data-elementor-id=\"34\" class=\"elementor elementor-34\" data-elementor-post-type=\"page\">\n\t\t\t\t\t\t<section class=\"elementor-section elementor-top-section elementor-element elementor-element-f0a32d8 elementor-section-content-middle elementor-section-boxed elementor-section-height-default elementor-section-height-default\" data-id=\"f0a32d8\" data-element_type=\"section\">\n\t\t\t\t\t\t<div class=\"elementor-container elementor-column-gap-default\">\n\t\t\t\t\t<div class=\"elementor-column elementor-col-50 elementor-top-column elementor-element elementor-element-28ab0dc0\" data-id=\"28ab0dc0\" data-element_type=\"column\">\n\t\t\t<div class=\"elementor-widget-wrap elementor-element-populated\">\n\t\t\t\t\t\t<div class=\"elementor-element elementor-element-51597d62 elementor-widget elementor-widget-image\" data-id=\"51597d62\" data-element_type=\"widget\" data-widget_type=\"image.default\">\n\t\t\t\t<div class=\"elementor-widget-container\">\n\t\t\t<style>\/*! elementor - v3.23.0 - 05-08-2024 *\/\n.elementor-widget-image{text-align:center}.elementor-widget-image a{display:inline-block}.elementor-widget-image a img[src$=\".svg\"]{width:48px}.elementor-widget-image img{vertical-align:middle;display:inline-block}<\/style>\t\t\t\t\t\t\t\t\t\t<img decoding=\"async\" src=\"https:\/\/www.newjump.com\/nimes\/wp-content\/uploads\/2022\/09\/carre-orange-1.svg\" class=\"attachment-full size-full wp-image-947\" alt=\"\" \/>\t\t\t\t\t\t\t\t\t\t\t\t\t<\/div>\n\t\t\t\t<\/div>\n\t\t\t\t<div class=\"elementor-element elementor-element-5519b007 elementor-widget elementor-widget-heading\" data-id=\"5519b007\" data-element_type=\"widget\" data-widget_type=\"heading.default\">\n\t\t\t\t<div class=\"elementor-widget-container\">\n\t\t\t<style>\/*! elementor - v3.23.0 - 05-08-2024 *\/\n.elementor-heading-title{padding:0;margin:0;line-height:1}.elementor-widget-heading .elementor-heading-title[class*=elementor-size-]>a{color:inherit;font-size:inherit;line-height:inherit}.elementor-widget-heading .elementor-heading-title.elementor-size-small{font-size:15px}.elementor-widget-heading .elementor-heading-title.elementor-size-medium{font-size:19px}.elementor-widget-heading .elementor-heading-title.elementor-size-large{font-size:29px}.elementor-widget-heading .elementor-heading-title.elementor-size-xl{font-size:39px}.elementor-widget-heading .elementor-heading-title.elementor-size-xxl{font-size:59px}<\/style><h2 class=\"elementor-heading-title elementor-size-default\">Rejoignez l'aventure New Jump :<br><br>Devenez franchis\u00e9 d'un parc de trampolines\n<\/h2>\t\t<\/div>\n\t\t\t\t<\/div>\n\t\t\t\t<div class=\"elementor-element elementor-element-39b4907d elementor-widget elementor-widget-text-editor\" data-id=\"39b4907d\" data-element_type=\"widget\" data-widget_type=\"text-editor.default\">\n\t\t\t\t<div class=\"elementor-widget-container\">\n\t\t\t<style>\/*! elementor - v3.23.0 - 05-08-2024 *\/\n.elementor-widget-text-editor.elementor-drop-cap-view-stacked .elementor-drop-cap{background-color:#69727d;color:#fff}.elementor-widget-text-editor.elementor-drop-cap-view-framed .elementor-drop-cap{color:#69727d;border:3px solid;background-color:transparent}.elementor-widget-text-editor:not(.elementor-drop-cap-view-default) .elementor-drop-cap{margin-top:8px}.elementor-widget-text-editor:not(.elementor-drop-cap-view-default) .elementor-drop-cap-letter{width:1em;height:1em}.elementor-widget-text-editor .elementor-drop-cap{float:left;text-align:center;line-height:1;font-size:50px}.elementor-widget-text-editor .elementor-drop-cap-letter{display:inline-block}<\/style>\t\t\t\t<p class=\"MuiTypography-root MuiTypography-body1 MuiTypography-paragraph css-1dv3cs7\">Vous \u00eates un entrepreneur passionn\u00e9, \u00e0 la recherche d&rsquo;une opportunit\u00e9 d&rsquo;affaires unique et rentable ? Ne cherchez plus ! New Jump, leader dans le domaine des parcs de trampolines, vous invite \u00e0 rejoindre son r\u00e9seau de franchis\u00e9s et \u00e0 profiter d&rsquo;un concept novateur qui a fait ses preuves.<\/p><p class=\"MuiTypography-root MuiTypography-body1 MuiTypography-paragraph css-1dv3cs7\">Pourquoi choisir la franchise New Jump ?<\/p><p class=\"MuiTypography-root MuiTypography-body1 MuiTypography-paragraph css-1dv3cs7\">En devenant franchis\u00e9 New Jump, vous b\u00e9n\u00e9ficiez de nombreux avantages :<\/p><ol start=\"1\"><li><p class=\"MuiTypography-root MuiTypography-body1 MuiTypography-paragraph css-1dv3cs7\">Un concept unique et attractif : Les parcs de trampolines New Jump offrent une exp\u00e9rience de divertissement in\u00e9gal\u00e9e pour toute la famille. Avec des installations de haute qualit\u00e9 et des activit\u00e9s vari\u00e9es, vous attirez une client\u00e8le large et fid\u00e8le.<\/p><\/li><li><p class=\"MuiTypography-root MuiTypography-body1 MuiTypography-paragraph css-1dv3cs7\">Un march\u00e9 en pleine croissance : Le secteur des loisirs indoor est en constante expansion. En vous associant \u00e0 New Jump, vous vous positionnez sur un march\u00e9 porteur et r\u00e9silient face aux al\u00e9as \u00e9conomiques.<\/p><\/li><li><p class=\"MuiTypography-root MuiTypography-body1 MuiTypography-paragraph css-1dv3cs7\">Un accompagnement complet : Notre \u00e9quipe exp\u00e9riment\u00e9e vous guide \u00e0 chaque \u00e9tape de votre projet, de la recherche d&#8217;emplacement \u00e0 l&rsquo;ouverture de votre parc. Vous b\u00e9n\u00e9ficiez d&rsquo;une formation compl\u00e8te, d&rsquo;un soutien marketing et d&rsquo;une assistance technique continue.<\/p><\/li><li><p class=\"MuiTypography-root MuiTypography-body1 MuiTypography-paragraph css-1dv3cs7\">Une rentabilit\u00e9 prouv\u00e9e : Avec un mod\u00e8le \u00e9conomique \u00e9prouv\u00e9 et des revenus r\u00e9currents, la franchise New Jump vous offre une opportunit\u00e9 d&rsquo;affaires p\u00e9renne et profitable.<\/p><\/li><\/ol><p class=\"MuiTypography-root MuiTypography-body1 MuiTypography-paragraph css-1dv3cs7\">Un processus de franchise simple et efficace<\/p><p class=\"MuiTypography-root MuiTypography-body1 MuiTypography-paragraph css-1dv3cs7\">Devenir franchis\u00e9 New Jump, c&rsquo;est simple :<\/p><ol start=\"1\"><li><p class=\"MuiTypography-root MuiTypography-body1 MuiTypography-paragraph css-1dv3cs7\">Contactez-nous : Remplissez notre formulaire en ligne ou appelez-nous pour discuter de votre projet.<\/p><\/li><li><p class=\"MuiTypography-root MuiTypography-body1 MuiTypography-paragraph css-1dv3cs7\">\u00c9tude de march\u00e9 : Nous \u00e9tudions ensemble le potentiel de votre zone de chalandise et identifions le meilleur emplacement pour votre parc.<\/p><\/li><li><p class=\"MuiTypography-root MuiTypography-body1 MuiTypography-paragraph css-1dv3cs7\">Formation et accompagnement : Vous suivez une formation compl\u00e8te pour ma\u00eetriser tous les aspects de la gestion d&rsquo;un parc de trampolines New Jump.<\/p><\/li><li><p class=\"MuiTypography-root MuiTypography-body1 MuiTypography-paragraph css-1dv3cs7\">Ouverture de votre parc : Notre \u00e9quipe vous accompagne dans l&rsquo;am\u00e9nagement de votre parc et la pr\u00e9paration de votre \u00e9v\u00e9nement d&rsquo;ouverture.<\/p><\/li><li><p class=\"MuiTypography-root MuiTypography-body1 MuiTypography-paragraph css-1dv3cs7\">Suivi et support : Vous b\u00e9n\u00e9ficiez d&rsquo;un suivi r\u00e9gulier et d&rsquo;un support continu pour optimiser la performance de votre parc.<\/p><\/li><\/ol>\t\t\t\t\t\t<\/div>\n\t\t\t\t<\/div>\n\t\t\t\t<section class=\"elementor-section elementor-inner-section elementor-element elementor-element-4634645f elementor-section-full_width elementor-section-height-default elementor-section-height-default\" data-id=\"4634645f\" data-element_type=\"section\" data-settings=\"{&quot;background_background&quot;:&quot;classic&quot;}\">\n\t\t\t\t\t\t<div class=\"elementor-container elementor-column-gap-default\">\n\t\t\t\t\t<div class=\"elementor-column elementor-col-100 elementor-inner-column elementor-element elementor-element-3e5e8ecc\" data-id=\"3e5e8ecc\" data-element_type=\"column\">\n\t\t\t<div class=\"elementor-widget-wrap elementor-element-populated\">\n\t\t\t\t\t\t<div class=\"elementor-element elementor-element-1d2e42e1 elementor-icon-list--layout-traditional elementor-list-item-link-full_width elementor-widget elementor-widget-icon-list\" data-id=\"1d2e42e1\" data-element_type=\"widget\" data-widget_type=\"icon-list.default\">\n\t\t\t\t<div class=\"elementor-widget-container\">\n\t\t\t<link rel=\"stylesheet\" href=\"https:\/\/www.newjump.com\/nimes\/wp-content\/uploads\/elementor\/css\/custom-widget-icon-list.min.css?ver=1723221355\">\t\t<ul class=\"elementor-icon-list-items\">\n\t\t\t\t\t\t\t<li class=\"elementor-icon-list-item\">\n\t\t\t\t\t\t\t\t\t\t\t<span class=\"elementor-icon-list-icon\">\n\t\t\t\t\t\t\t<i aria-hidden=\"true\" class=\"fas fa-check\"><\/i>\t\t\t\t\t\t<\/span>\n\t\t\t\t\t\t\t\t\t\t<span class=\"elementor-icon-list-text\">Un nom porteur<\/span>\n\t\t\t\t\t\t\t\t\t<\/li>\n\t\t\t\t\t\t\t\t<li class=\"elementor-icon-list-item\">\n\t\t\t\t\t\t\t\t\t\t\t<span class=\"elementor-icon-list-icon\">\n\t\t\t\t\t\t\t<i aria-hidden=\"true\" class=\"fas fa-check\"><\/i>\t\t\t\t\t\t<\/span>\n\t\t\t\t\t\t\t\t\t\t<span class=\"elementor-icon-list-text\">Un site internet d\u00e9di\u00e9 pour votre parc <\/span>\n\t\t\t\t\t\t\t\t\t<\/li>\n\t\t\t\t\t\t\t\t<li class=\"elementor-icon-list-item\">\n\t\t\t\t\t\t\t\t\t\t\t<span class=\"elementor-icon-list-icon\">\n\t\t\t\t\t\t\t<i aria-hidden=\"true\" class=\"fas fa-check\"><\/i>\t\t\t\t\t\t<\/span>\n\t\t\t\t\t\t\t\t\t\t<span class=\"elementor-icon-list-text\">Un concept qui s\u2019adresse \u00e0 tous (enfants, ados et adultes) <\/span>\n\t\t\t\t\t\t\t\t\t<\/li>\n\t\t\t\t\t\t\t\t<li class=\"elementor-icon-list-item\">\n\t\t\t\t\t\t\t\t\t\t\t<span class=\"elementor-icon-list-icon\">\n\t\t\t\t\t\t\t<i aria-hidden=\"true\" class=\"fas fa-check\"><\/i>\t\t\t\t\t\t<\/span>\n\t\t\t\t\t\t\t\t\t\t<span class=\"elementor-icon-list-text\">Un espace snack-bar pour plus de confort <\/span>\n\t\t\t\t\t\t\t\t\t<\/li>\n\t\t\t\t\t\t\t\t<li class=\"elementor-icon-list-item\">\n\t\t\t\t\t\t\t\t\t\t\t<span class=\"elementor-icon-list-icon\">\n\t\t\t\t\t\t\t<i aria-hidden=\"true\" class=\"fas fa-check\"><\/i>\t\t\t\t\t\t<\/span>\n\t\t\t\t\t\t\t\t\t\t<span class=\"elementor-icon-list-text\">Des parcs de tailles di\u00e9rentes pour s\u2019adapter \u00e0 votre zone g\u00e9ographique<\/span>\n\t\t\t\t\t\t\t\t\t<\/li>\n\t\t\t\t\t\t\t\t<li class=\"elementor-icon-list-item\">\n\t\t\t\t\t\t\t\t\t\t\t<span class=\"elementor-icon-list-icon\">\n\t\t\t\t\t\t\t<i aria-hidden=\"true\" class=\"fas fa-check\"><\/i>\t\t\t\t\t\t<\/span>\n\t\t\t\t\t\t\t\t\t\t<span class=\"elementor-icon-list-text\">Un large choix d\u2019activit\u00e9 pour toutes les occasions <\/span>\n\t\t\t\t\t\t\t\t\t<\/li>\n\t\t\t\t\t\t\t\t<li class=\"elementor-icon-list-item\">\n\t\t\t\t\t\t\t\t\t\t\t<span class=\"elementor-icon-list-icon\">\n\t\t\t\t\t\t\t<i aria-hidden=\"true\" class=\"fas fa-check\"><\/i>\t\t\t\t\t\t<\/span>\n\t\t\t\t\t\t\t\t\t\t<span class=\"elementor-icon-list-text\">Des op\u00e9rations commerciales pour vous soutenir dans la promotion de votre activit\u00e9<\/span>\n\t\t\t\t\t\t\t\t\t<\/li>\n\t\t\t\t\t\t<\/ul>\n\t\t\t\t<\/div>\n\t\t\t\t<\/div>\n\t\t\t\t\t<\/div>\n\t\t<\/div>\n\t\t\t\t\t<\/div>\n\t\t<\/section>\n\t\t\t\t\t<\/div>\n\t\t<\/div>\n\t\t\t\t<div class=\"elementor-column elementor-col-50 elementor-top-column elementor-element elementor-element-45b8583f\" data-id=\"45b8583f\" data-element_type=\"column\">\n\t\t\t<div class=\"elementor-widget-wrap elementor-element-populated\">\n\t\t\t\t\t\t<div class=\"elementor-element elementor-element-5b810960 elementor-widget elementor-widget-image\" data-id=\"5b810960\" data-element_type=\"widget\" data-widget_type=\"image.default\">\n\t\t\t\t<div class=\"elementor-widget-container\">\n\t\t\t\t\t\t\t\t\t\t\t\t\t<img fetchpriority=\"high\" decoding=\"async\" width=\"1778\" height=\"1808\" src=\"https:\/\/www.newjump.com\/nimes\/wp-content\/uploads\/2024\/08\/franchise-trampoline-park.png\" class=\"attachment-full size-full wp-image-4495\" alt=\"\" srcset=\"https:\/\/www.newjump.com\/nimes\/wp-content\/uploads\/2024\/08\/franchise-trampoline-park.png 1778w, https:\/\/www.newjump.com\/nimes\/wp-content\/uploads\/2024\/08\/franchise-trampoline-park-295x300.png 295w, https:\/\/www.newjump.com\/nimes\/wp-content\/uploads\/2024\/08\/franchise-trampoline-park-1007x1024.png 1007w, https:\/\/www.newjump.com\/nimes\/wp-content\/uploads\/2024\/08\/franchise-trampoline-park-768x781.png 768w, https:\/\/www.newjump.com\/nimes\/wp-content\/uploads\/2024\/08\/franchise-trampoline-park-1511x1536.png 1511w\" sizes=\"(max-width: 1778px) 100vw, 1778px\" \/>\t\t\t\t\t\t\t\t\t\t\t\t\t<\/div>\n\t\t\t\t<\/div>\n\t\t\t\t\t<\/div>\n\t\t<\/div>\n\t\t\t\t\t<\/div>\n\t\t<\/section>\n\t\t\t\t<section class=\"elementor-section elementor-top-section elementor-element elementor-element-3cc7f2e1 elementor-section-boxed elementor-section-height-default elementor-section-height-default\" data-id=\"3cc7f2e1\" data-element_type=\"section\" id=\"etape-securite\">\n\t\t\t\t\t\t<div class=\"elementor-container elementor-column-gap-default\">\n\t\t\t\t\t<div class=\"elementor-column elementor-col-33 elementor-top-column elementor-element elementor-element-7e94068c\" data-id=\"7e94068c\" data-element_type=\"column\" data-settings=\"{&quot;background_background&quot;:&quot;classic&quot;}\">\n\t\t\t<div class=\"elementor-widget-wrap elementor-element-populated\">\n\t\t\t\t\t\t<div class=\"elementor-element elementor-element-503193ee elementor-widget elementor-widget-heading\" data-id=\"503193ee\" data-element_type=\"widget\" data-widget_type=\"heading.default\">\n\t\t\t\t<div class=\"elementor-widget-container\">\n\t\t\t<h2 class=\"elementor-heading-title elementor-size-default\">Rencontrer des franchiseurs<br>\naccessibles et une \u00e9quipe \u00e0 l\u2019\u00e9coute<br>\nde vos besoins. <\/h2>\t\t<\/div>\n\t\t\t\t<\/div>\n\t\t\t\t<div class=\"elementor-element elementor-element-4b186e2 elementor-widget elementor-widget-text-editor\" data-id=\"4b186e2\" data-element_type=\"widget\" data-widget_type=\"text-editor.default\">\n\t\t\t\t<div class=\"elementor-widget-container\">\n\t\t\t\t\t\t\tR\u00e9alisez votre projet de parc de loisir en\n\u00e9tant \u00e9paul\u00e9 par une \u00e9quipe de\nprofessionnels dynamiques, bienveillants\net engag\u00e9s autour de votre ambition.\t\t\t\t\t\t<\/div>\n\t\t\t\t<\/div>\n\t\t\t\t\t<\/div>\n\t\t<\/div>\n\t\t\t\t<div class=\"elementor-column elementor-col-33 elementor-top-column elementor-element elementor-element-7886a3be\" data-id=\"7886a3be\" data-element_type=\"column\" data-settings=\"{&quot;background_background&quot;:&quot;classic&quot;}\">\n\t\t\t<div class=\"elementor-widget-wrap elementor-element-populated\">\n\t\t\t\t\t\t<div class=\"elementor-element elementor-element-2038a27 elementor-widget elementor-widget-heading\" data-id=\"2038a27\" data-element_type=\"widget\" data-widget_type=\"heading.default\">\n\t\t\t\t<div class=\"elementor-widget-container\">\n\t\t\t<h2 class=\"elementor-heading-title elementor-size-default\">Profiter de larges moyens humains<br>\net techniques. <\/h2>\t\t<\/div>\n\t\t\t\t<\/div>\n\t\t\t\t<div class=\"elementor-element elementor-element-2c4762bb elementor-widget elementor-widget-text-editor\" data-id=\"2c4762bb\" data-element_type=\"widget\" data-widget_type=\"text-editor.default\">\n\t\t\t\t<div class=\"elementor-widget-container\">\n\t\t\t\t\t\t\t<p>Nous mettons nos comp\u00e9tences et nos<br \/>moyens \u00e0 votre disposition pour<br \/>d\u00e9velopper facilement votre propre parc<br \/>de loisir. Nos franchis\u00e9s b\u00e9n\u00e9ficient de<br \/>notre r\u00e9seau professionnel, notre<br \/>expertise et nos ressources techniques<br \/>ce qui repr\u00e9sente une aide non<br \/>n\u00e9gligeable et leur permet d\u00e9marrer leur<br \/>activit\u00e9 sereinement.<\/p>\t\t\t\t\t\t<\/div>\n\t\t\t\t<\/div>\n\t\t\t\t\t<\/div>\n\t\t<\/div>\n\t\t\t\t<div class=\"elementor-column elementor-col-33 elementor-top-column elementor-element elementor-element-42f9af27\" data-id=\"42f9af27\" data-element_type=\"column\" data-settings=\"{&quot;background_background&quot;:&quot;classic&quot;}\">\n\t\t\t<div class=\"elementor-widget-wrap elementor-element-populated\">\n\t\t\t\t\t\t<div class=\"elementor-element elementor-element-2bd8dca3 elementor-widget elementor-widget-heading\" data-id=\"2bd8dca3\" data-element_type=\"widget\" data-widget_type=\"heading.default\">\n\t\t\t\t<div class=\"elementor-widget-container\">\n\t\t\t<h2 class=\"elementor-heading-title elementor-size-default\">B\u00e9n\u00e9ficier d\u2019une formation de<br>\nqualit\u00e9<\/h2>\t\t<\/div>\n\t\t\t\t<\/div>\n\t\t\t\t<div class=\"elementor-element elementor-element-3ad3e5c elementor-widget elementor-widget-text-editor\" data-id=\"3ad3e5c\" data-element_type=\"widget\" data-widget_type=\"text-editor.default\">\n\t\t\t\t<div class=\"elementor-widget-container\">\n\t\t\t\t\t\t\t<p>Profitez d\u2019une formation qui vous donnera<br \/>les connaissances n\u00e9cessaires au<br \/>d\u00e9veloppement de votre parc de loisir.<br \/>Comp\u00e9tences techniques, notion de<br \/>gestion et management vous permettront<br \/>d\u2019atteindre rapidement vos objectifs<br \/>professionnels au sein de notre r\u00e9seau de<br \/>franchises<\/p>\t\t\t\t\t\t<\/div>\n\t\t\t\t<\/div>\n\t\t\t\t\t<\/div>\n\t\t<\/div>\n\t\t\t\t\t<\/div>\n\t\t<\/section>\n\t\t\t\t<section class=\"elementor-section elementor-top-section elementor-element elementor-element-7fcdf07 elementor-section-boxed elementor-section-height-default elementor-section-height-default\" data-id=\"7fcdf07\" data-element_type=\"section\">\n\t\t\t\t\t\t<div class=\"elementor-container elementor-column-gap-default\">\n\t\t\t\t\t<div class=\"elementor-column elementor-col-100 elementor-top-column elementor-element elementor-element-6663da5f\" data-id=\"6663da5f\" data-element_type=\"column\">\n\t\t\t<div class=\"elementor-widget-wrap elementor-element-populated\">\n\t\t\t\t\t\t<div class=\"elementor-element elementor-element-270b9dcc elementor-align-center elementor-widget elementor-widget-button\" data-id=\"270b9dcc\" data-element_type=\"widget\" data-widget_type=\"button.default\">\n\t\t\t\t<div class=\"elementor-widget-container\">\n\t\t\t\t\t<div class=\"elementor-button-wrapper\">\n\t\t\t<a class=\"elementor-button elementor-button-link elementor-size-sm\" href=\"https:\/\/newjump.franchiseoncloud.fr\/extranet\/leadsforms\/display\/66bc9f114c240c41f6041016\">\n\t\t\t\t\t\t<span class=\"elementor-button-content-wrapper\">\n\t\t\t\t\t\t\t\t\t<span class=\"elementor-button-text\">Devenir franchis\u00e9<\/span>\n\t\t\t\t\t<\/span>\n\t\t\t\t\t<\/a>\n\t\t<\/div>\n\t\t\t\t<\/div>\n\t\t\t\t<\/div>\n\t\t\t\t\t<\/div>\n\t\t<\/div>\n\t\t\t\t\t<\/div>\n\t\t<\/section>\n\t\t\t\t<section class=\"elementor-section elementor-top-section elementor-element elementor-element-eab6c9e elementor-section-boxed elementor-section-height-default elementor-section-height-default\" data-id=\"eab6c9e\" data-element_type=\"section\">\n\t\t\t\t\t\t<div class=\"elementor-container elementor-column-gap-default\">\n\t\t\t\t\t<div class=\"elementor-column elementor-col-100 elementor-top-column elementor-element elementor-element-fd879c4\" data-id=\"fd879c4\" data-element_type=\"column\">\n\t\t\t<div class=\"elementor-widget-wrap elementor-element-populated\">\n\t\t\t\t\t\t<div class=\"elementor-element elementor-element-8011f56 elementor-widget elementor-widget-elementskit-faq\" data-id=\"8011f56\" data-element_type=\"widget\" data-widget_type=\"elementskit-faq.default\">\n\t\t\t\t<div class=\"elementor-widget-container\">\n\t\t\t<div class=\"ekit-wid-con\" >\n                <div class=\"elementskit-single-faq elementor-repeater-item-044d63a\">\n            <div class=\"elementskit-faq-header\">\n                <h2 class=\"elementskit-faq-title\">Quel est l&#039;investissement initial pour ouvrir une franchise New Jump ?<\/h2>\n            <\/div>\n            <div class=\"elementskit-faq-body\">\n                L'investissement initial varie en fonction de la taille et de l'emplacement de votre parc. Nous \u00e9tudions ensemble votre projet pour d\u00e9terminer le budget n\u00e9cessaire.            <\/div>\n        <\/div>\n                <div class=\"elementskit-single-faq elementor-repeater-item-41ee652\">\n            <div class=\"elementskit-faq-header\">\n                <h2 class=\"elementskit-faq-title\">Ai-je besoin d&#039;une exp\u00e9rience pr\u00e9alable dans le secteur des loisirs ?<\/h2>\n            <\/div>\n            <div class=\"elementskit-faq-body\">\n                 Aucune exp\u00e9rience pr\u00e9alable n'est requise. Nous vous formons et vous accompagnons pour que vous puissiez g\u00e9rer votre parc de trampolines avec succ\u00e8s.            <\/div>\n        <\/div>\n                <div class=\"elementskit-single-faq elementor-repeater-item-e006693\">\n            <div class=\"elementskit-faq-header\">\n                <h2 class=\"elementskit-faq-title\">Combien de temps faut-il pour ouvrir un parc New Jump ?<\/h2>\n            <\/div>\n            <div class=\"elementskit-faq-body\">\n                Le d\u00e9lai d'ouverture d\u00e9pend de plusieurs facteurs, tels que la recherche d'emplacement et les travaux d'am\u00e9nagement. En moyenne, il faut compter entre 6 et 12 mois.            <\/div>\n        <\/div>\n        \n    <\/div>\t\t<\/div>\n\t\t\t\t<\/div>\n\t\t\t\t\t<\/div>\n\t\t<\/div>\n\t\t\t\t\t<\/div>\n\t\t<\/section>\n\t\t\t\t<section class=\"elementor-section elementor-top-section elementor-element elementor-element-9eaf0a8 elementor-section-boxed elementor-section-height-default elementor-section-height-default\" data-id=\"9eaf0a8\" data-element_type=\"section\">\n\t\t\t\t\t\t<div class=\"elementor-container elementor-column-gap-default\">\n\t\t\t\t\t<div class=\"elementor-column elementor-col-100 elementor-top-column elementor-element elementor-element-3e175a5\" data-id=\"3e175a5\" data-element_type=\"column\">\n\t\t\t<div class=\"elementor-widget-wrap elementor-element-populated\">\n\t\t\t\t\t\t<div class=\"elementor-element elementor-element-16f3b01 elementor-widget elementor-widget-html\" data-id=\"16f3b01\" data-element_type=\"widget\" data-widget_type=\"html.default\">\n\t\t\t\t<div class=\"elementor-widget-container\">\n\t\t\t<script type=\"text\/javascript\" src=\"https:\/\/newjump.franchiseoncloud.fr\/build\/assets\/leads-form-injector.min.js\" data-form=\"66bc9f114c240c41f6041016\"><\/script>\n\n<iframe id=\"leads_form_66bc9f114c240c41f6041016\" src=\"https:\/\/newjump.franchiseoncloud.fr\/extranet\/leadsforms\/display\/66bc9f114c240c41f6041016?iframe\" scrolling=\"no\" style=\"width:100%;height:1100px;border:0;overflow:hidden;\"><\/iframe>\t\t<\/div>\n\t\t\t\t<\/div>\n\t\t\t\t\t<\/div>\n\t\t<\/div>\n\t\t\t\t\t<\/div>\n\t\t<\/section>\n\t\t\t\t<\/div>\n\t\t","protected":false},"excerpt":{"rendered":"<p>Rejoignez l&rsquo;aventure New Jump : Devenez franchis\u00e9 d&rsquo;un parc de trampolines Vous \u00eates un entrepreneur passionn\u00e9, \u00e0 la recherche d&rsquo;une opportunit\u00e9 d&rsquo;affaires unique et rentable ? Ne cherchez plus ! New Jump, leader dans le domaine des parcs de trampolines, vous invite \u00e0 rejoindre son r\u00e9seau de franchis\u00e9s et \u00e0 profiter d&rsquo;un concept novateur qui [&hellip;]<\/p>\n","protected":false},"author":1,"featured_media":0,"parent":0,"menu_order":0,"comment_status":"closed","ping_status":"closed","template":"elementor_header_footer","meta":{"site-sidebar-layout":"no-sidebar","site-content-layout":"page-builder","ast-site-content-layout":"full-width-container","site-content-style":"unboxed","site-sidebar-style":"unboxed","ast-global-header-display":"","ast-banner-title-visibility":"","ast-main-header-display":"","ast-hfb-above-header-display":"","ast-hfb-below-header-display":"","ast-hfb-mobile-header-display":"","site-post-title":"disabled","ast-breadcrumbs-content":"","ast-featured-img":"disabled","footer-sml-layout":"","theme-transparent-header-meta":"","adv-header-id-meta":"","stick-header-meta":"","header-above-stick-meta":"","header-main-stick-meta":"","header-below-stick-meta":"","astra-migrate-meta-layouts":"set","ast-page-background-enabled":"default","ast-page-background-meta":{"desktop":{"background-color":"var(--ast-global-color-4)","background-image":"","background-repeat":"repeat","background-position":"center center","background-size":"auto","background-attachment":"scroll","background-type":"","background-media":"","overlay-type":"","overlay-color":"","overlay-opacity":"","overlay-gradient":""},"tablet":{"background-color":"","background-image":"","background-repeat":"repeat","background-position":"center center","background-size":"auto","background-attachment":"scroll","background-type":"","background-media":"","overlay-type":"","overlay-color":"","overlay-opacity":"","overlay-gradient":""},"mobile":{"background-color":"","background-image":"","background-repeat":"repeat","background-position":"center center","background-size":"auto","background-attachment":"scroll","background-type":"","background-media":"","overlay-type":"","overlay-color":"","overlay-opacity":"","overlay-gradient":""}},"ast-content-background-meta":{"desktop":{"background-color":"var(--ast-global-color-5)","background-image":"","background-repeat":"repeat","background-position":"center center","background-size":"auto","background-attachment":"scroll","background-type":"","background-media":"","overlay-type":"","overlay-color":"","overlay-opacity":"","overlay-gradient":""},"tablet":{"background-color":"var(--ast-global-color-5)","background-image":"","background-repeat":"repeat","background-position":"center center","background-size":"auto","background-attachment":"scroll","background-type":"","background-media":"","overlay-type":"","overlay-color":"","overlay-opacity":"","overlay-gradient":""},"mobile":{"background-color":"var(--ast-global-color-5)","background-image":"","background-repeat":"repeat","background-position":"center center","background-size":"auto","background-attachment":"scroll","background-type":"","background-media":"","overlay-type":"","overlay-color":"","overlay-opacity":"","overlay-gradient":""}},"iawp_total_views":71,"footnotes":""},"class_list":["post-34","page","type-page","status-publish","hentry"],"_links":{"self":[{"href":"https:\/\/www.newjump.com\/nimes\/wp-json\/wp\/v2\/pages\/34","targetHints":{"allow":["GET"]}}],"collection":[{"href":"https:\/\/www.newjump.com\/nimes\/wp-json\/wp\/v2\/pages"}],"about":[{"href":"https:\/\/www.newjump.com\/nimes\/wp-json\/wp\/v2\/types\/page"}],"author":[{"embeddable":true,"href":"https:\/\/www.newjump.com\/nimes\/wp-json\/wp\/v2\/users\/1"}],"replies":[{"embeddable":true,"href":"https:\/\/www.newjump.com\/nimes\/wp-json\/wp\/v2\/comments?post=34"}],"version-history":[{"count":13,"href":"https:\/\/www.newjump.com\/nimes\/wp-json\/wp\/v2\/pages\/34\/revisions"}],"predecessor-version":[{"id":4508,"href":"https:\/\/www.newjump.com\/nimes\/wp-json\/wp\/v2\/pages\/34\/revisions\/4508"}],"wp:attachment":[{"href":"https:\/\/www.newjump.com\/nimes\/wp-json\/wp\/v2\/media?parent=34"}],"curies":[{"name":"wp","href":"https:\/\/api.w.org\/{rel}","templated":true}]}}