{"id":28,"date":"2022-09-23T11:19:00","date_gmt":"2022-09-23T09:19:00","guid":{"rendered":"https:\/\/minola.rapiera.com\/?page_id=28"},"modified":"2025-08-26T12:08:49","modified_gmt":"2025-08-26T10:08:49","slug":"mentions-legales","status":"publish","type":"page","link":"https:\/\/www.newjump.com\/nimes\/mentions-legales\/","title":{"rendered":"Mentions l\u00e9gales"},"content":{"rendered":"\t\t<div data-elementor-type=\"wp-page\" data-elementor-id=\"28\" class=\"elementor elementor-28\" data-elementor-post-type=\"page\">\n\t\t\t\t\t\t<section class=\"elementor-section elementor-top-section elementor-element elementor-element-bb8d502 elementor-section-boxed elementor-section-height-default elementor-section-height-default\" data-id=\"bb8d502\" data-element_type=\"section\">\n\t\t\t\t\t\t<div class=\"elementor-container elementor-column-gap-default\">\n\t\t\t\t\t<div class=\"elementor-column elementor-col-100 elementor-top-column elementor-element elementor-element-7c182ae\" data-id=\"7c182ae\" data-element_type=\"column\">\n\t\t\t<div class=\"elementor-widget-wrap elementor-element-populated\">\n\t\t\t\t\t\t<div class=\"elementor-element elementor-element-f4a3680 elementor-widget elementor-widget-image\" data-id=\"f4a3680\" data-element_type=\"widget\" data-widget_type=\"image.default\">\n\t\t\t\t<div class=\"elementor-widget-container\">\n\t\t\t<style>\/*! elementor - v3.23.0 - 05-08-2024 *\/\n.elementor-widget-image{text-align:center}.elementor-widget-image a{display:inline-block}.elementor-widget-image a img[src$=\".svg\"]{width:48px}.elementor-widget-image img{vertical-align:middle;display:inline-block}<\/style>\t\t\t\t\t\t\t\t\t\t<img decoding=\"async\" src=\"https:\/\/www.newjump.com\/nimes\/wp-content\/uploads\/2022\/09\/carre-vert.svg\" class=\"attachment-full size-full wp-image-324\" alt=\"\" \/>\t\t\t\t\t\t\t\t\t\t\t\t\t<\/div>\n\t\t\t\t<\/div>\n\t\t\t\t<div class=\"elementor-element elementor-element-07bd3d5 elementor-widget elementor-widget-heading\" data-id=\"07bd3d5\" data-element_type=\"widget\" data-widget_type=\"heading.default\">\n\t\t\t\t<div class=\"elementor-widget-container\">\n\t\t\t<style>\/*! elementor - v3.23.0 - 05-08-2024 *\/\n.elementor-heading-title{padding:0;margin:0;line-height:1}.elementor-widget-heading .elementor-heading-title[class*=elementor-size-]>a{color:inherit;font-size:inherit;line-height:inherit}.elementor-widget-heading .elementor-heading-title.elementor-size-small{font-size:15px}.elementor-widget-heading .elementor-heading-title.elementor-size-medium{font-size:19px}.elementor-widget-heading .elementor-heading-title.elementor-size-large{font-size:29px}.elementor-widget-heading .elementor-heading-title.elementor-size-xl{font-size:39px}.elementor-widget-heading .elementor-heading-title.elementor-size-xxl{font-size:59px}<\/style><h1 class=\"elementor-heading-title elementor-size-default\">Mentions l\u00e9gales<\/h1>\t\t<\/div>\n\t\t\t\t<\/div>\n\t\t\t\t<div class=\"elementor-element elementor-element-b9adcc8 elementor-widget elementor-widget-heading\" data-id=\"b9adcc8\" data-element_type=\"widget\" data-widget_type=\"heading.default\">\n\t\t\t\t<div class=\"elementor-widget-container\">\n\t\t\t<h2 class=\"elementor-heading-title elementor-size-default\">CONCEPTEUR \/ H\u00c9BERGEUR DU SITE<\/h2>\t\t<\/div>\n\t\t\t\t<\/div>\n\t\t\t\t<div class=\"elementor-element elementor-element-917ff5f elementor-widget elementor-widget-text-editor\" data-id=\"917ff5f\" data-element_type=\"widget\" data-widget_type=\"text-editor.default\">\n\t\t\t\t<div class=\"elementor-widget-container\">\n\t\t\t<style>\/*! elementor - v3.23.0 - 05-08-2024 *\/\n.elementor-widget-text-editor.elementor-drop-cap-view-stacked .elementor-drop-cap{background-color:#69727d;color:#fff}.elementor-widget-text-editor.elementor-drop-cap-view-framed .elementor-drop-cap{color:#69727d;border:3px solid;background-color:transparent}.elementor-widget-text-editor:not(.elementor-drop-cap-view-default) .elementor-drop-cap{margin-top:8px}.elementor-widget-text-editor:not(.elementor-drop-cap-view-default) .elementor-drop-cap-letter{width:1em;height:1em}.elementor-widget-text-editor .elementor-drop-cap{float:left;text-align:center;line-height:1;font-size:50px}.elementor-widget-text-editor .elementor-drop-cap-letter{display:inline-block}<\/style>\t\t\t\t<p><span style=\"font-size: 16px; caret-color: #212529; color: #212529; font-family: poppinsregular;\">Le site\u00a0<\/span><span style=\"font-size: 16px; caret-color: #212529; color: #212529; font-family: poppinsregular;\">newjumpnimes.com<\/span><span style=\"font-size: 16px; caret-color: #212529; color: #212529; font-family: poppinsregular;\">, ci-apr\u00e8s d\u00e9nomm\u00e9 Site Web, est la propri\u00e9t\u00e9 de SAS NEW JUMP INTERNATIONAL\u00a0, inscrit au RCS sous le num\u00e9ro de SIRET 83223606100012 et dont le si\u00e8ge social est situ\u00e9 \u00e0 1 LOT PIED MOURTEAU 33210 LANGON.<\/span><br style=\"font-size: 16px; caret-color: #212529; color: #212529; font-family: poppinsregular;\" \/><span style=\"font-size: 16px; caret-color: #212529; color: #212529; font-family: poppinsregular;\">Le responsable de la publication du Site Web est Mr Doc.<\/span><br style=\"font-size: 16px; caret-color: #212529; color: #212529; font-family: poppinsregular;\" \/><br style=\"font-size: 16px; caret-color: #212529; color: #212529; font-family: poppinsregular;\" \/><span style=\"font-size: 16px; caret-color: #212529; color: #212529; font-family: poppinsregular;\">New Jump N\u00eemes Trampoline park<\/span><br style=\"font-size: 16px; caret-color: #212529; color: #212529; font-family: poppinsregular;\" \/><span style=\"font-size: 16px; caret-color: #212529; color: #212529; font-family: poppinsregular;\">115 avenue Pavlov<\/span><br style=\"font-size: 16px; caret-color: #212529; color: #212529; font-family: poppinsregular;\" \/><span style=\"font-size: 16px; caret-color: #212529; color: #212529; font-family: poppinsregular;\">ZI St-C\u00e9zaire<\/span><br style=\"font-size: 16px; caret-color: #212529; color: #212529; font-family: poppinsregular;\" \/><span style=\"font-size: 16px; caret-color: #212529; color: #212529; font-family: poppinsregular;\">30900 N\u00eemes<\/span><br \/><br \/><\/p><p>Le responsable de la publication du Site Web est Mr Sery.<br \/>L\u2019h\u00e9bergeur du Site Web est Netlify \u2013 610 22nd Street, Suite 315 CA 94107 San Francisco +1 844-899-7312<br \/>Le Site Web a \u00e9t\u00e9 r\u00e9alis\u00e9 par le studio apsynth<span style=\"font-size: 16px; caret-color: #212529; color: #212529; font-family: poppinsregular;\">Le site\u00a0<\/span><span style=\"font-size: 16px; caret-color: #212529; color: #212529; font-family: poppinsregular;\">newjumpnimes.com<\/span><span style=\"font-size: 16px; caret-color: #212529; color: #212529; font-family: poppinsregular;\">, ci-apr\u00e8s d\u00e9nomm\u00e9 Site Web, est la propri\u00e9t\u00e9 de SAS NEW JUMP INTERNATIONAL\u00a0, inscrit au RCS sous le num\u00e9ro de SIRET 83223606100012 et dont le si\u00e8ge social est situ\u00e9 \u00e0 1 LOT PIED MOURTEAU 33210 LANGON.<\/span><\/p><p>\u00a0<\/p>\t\t\t\t\t\t<\/div>\n\t\t\t\t<\/div>\n\t\t\t\t<div class=\"elementor-element elementor-element-70f6ff1 elementor-widget elementor-widget-heading\" data-id=\"70f6ff1\" data-element_type=\"widget\" data-widget_type=\"heading.default\">\n\t\t\t\t<div class=\"elementor-widget-container\">\n\t\t\t<h2 class=\"elementor-heading-title elementor-size-default\">PROPRI\u00c9T\u00c9 INTELLECTUELLE<\/h2>\t\t<\/div>\n\t\t\t\t<\/div>\n\t\t\t\t<div class=\"elementor-element elementor-element-ad4536f elementor-widget elementor-widget-text-editor\" data-id=\"ad4536f\" data-element_type=\"widget\" data-widget_type=\"text-editor.default\">\n\t\t\t\t<div class=\"elementor-widget-container\">\n\t\t\t\t\t\t\tL\u2019ensemble de ce site rel\u00e8ve des l\u00e9gislations Fran\u00e7aises et Internationales sur les droits d\u2019auteur et la propri\u00e9t\u00e9 intellectuelle. Tous les droits de reproduction sont r\u00e9serv\u00e9s pour les textes, images, photographies, sons, logiciels et \u00e9l\u00e9ments graphiques. La reproduction de tout ou partie de ce site quel qu\u2019il soit, est formellement interdite sauf autorisation \u00e9crite de l\u2019auteur ou cr\u00e9ateur, conform\u00e9ment \u00e0 l\u2019article L 122-4 du Code de la Propri\u00e9t\u00e9 intellectuelle.\t\t\t\t\t\t<\/div>\n\t\t\t\t<\/div>\n\t\t\t\t<div class=\"elementor-element elementor-element-7d73cfd elementor-widget elementor-widget-heading\" data-id=\"7d73cfd\" data-element_type=\"widget\" data-widget_type=\"heading.default\">\n\t\t\t\t<div class=\"elementor-widget-container\">\n\t\t\t<h2 class=\"elementor-heading-title elementor-size-default\">CR\u00c9DITS<\/h2>\t\t<\/div>\n\t\t\t\t<\/div>\n\t\t\t\t<div class=\"elementor-element elementor-element-e41eafc elementor-widget elementor-widget-text-editor\" data-id=\"e41eafc\" data-element_type=\"widget\" data-widget_type=\"text-editor.default\">\n\t\t\t\t<div class=\"elementor-widget-container\">\n\t\t\t\t\t\t\tL\u2019ensemble des \u00e9l\u00e9ments (logotypes, photographies, illustrations, sons, vid\u00e9os, textes\u2026) du pr\u00e9sent site Internet appartient au responsable de l\u2019entreprise, ses partenaires ou fournisseurs.<br><br>\n\nCr\u00e9dits photos J\u00e9r\u00f4me Gatellier (www.cortex360.fr) \u2013 Newjump France\t\t\t\t\t\t<\/div>\n\t\t\t\t<\/div>\n\t\t\t\t<div class=\"elementor-element elementor-element-a8f3540 elementor-widget elementor-widget-heading\" data-id=\"a8f3540\" data-element_type=\"widget\" data-widget_type=\"heading.default\">\n\t\t\t\t<div class=\"elementor-widget-container\">\n\t\t\t<h2 class=\"elementor-heading-title elementor-size-default\">RESPONSABILIT\u00c9S<\/h2>\t\t<\/div>\n\t\t\t\t<\/div>\n\t\t\t\t<div class=\"elementor-element elementor-element-51c8526 elementor-widget elementor-widget-text-editor\" data-id=\"51c8526\" data-element_type=\"widget\" data-widget_type=\"text-editor.default\">\n\t\t\t\t<div class=\"elementor-widget-container\">\n\t\t\t\t\t\t\tLe cr\u00e9ateur du pr\u00e9sent site Internet ainsi que ses partenaires ou fournisseurs ne pourront \u00eatre tenus responsables d\u2019intrusion, piratage, infection ou cons\u00e9quence d\u2019utilisation du pr\u00e9sent site Internet.\t\t\t\t\t\t<\/div>\n\t\t\t\t<\/div>\n\t\t\t\t<div class=\"elementor-element elementor-element-71e735c elementor-widget elementor-widget-heading\" data-id=\"71e735c\" data-element_type=\"widget\" data-widget_type=\"heading.default\">\n\t\t\t\t<div class=\"elementor-widget-container\">\n\t\t\t<h2 class=\"elementor-heading-title elementor-size-default\">INFORMATIQUE ET LIBERT\u00c9S<\/h2>\t\t<\/div>\n\t\t\t\t<\/div>\n\t\t\t\t<div class=\"elementor-element elementor-element-a73008e elementor-widget elementor-widget-text-editor\" data-id=\"a73008e\" data-element_type=\"widget\" data-widget_type=\"text-editor.default\">\n\t\t\t\t<div class=\"elementor-widget-container\">\n\t\t\t\t\t\t\tCertains services du site n\u00e9cessitent pour l\u2019internaute de renseigner des donn\u00e9es personnelles par le biais de formulaires en ligne. Ces informations sont destin\u00e9es exclusivement \u00e0 la soci\u00e9t\u00e9 \u00e9ditrice du pr\u00e9sent site Internet qui pourra les utiliser pour faire parvenir \u00e0 l\u2019internaute ses offres commerciales.<br><br>\n\nL\u2019internaute peut s\u2019y opposer en contactant la soci\u00e9t\u00e9 \u00e9ditrice du site Internet ici. Les internautes disposent d\u2019un droit d\u2019acc\u00e8s, de rectification et de suppression des donn\u00e9es les concernant.\t\t\t\t\t\t<\/div>\n\t\t\t\t<\/div>\n\t\t\t\t<div class=\"elementor-element elementor-element-e5a294f elementor-widget elementor-widget-heading\" data-id=\"e5a294f\" data-element_type=\"widget\" data-widget_type=\"heading.default\">\n\t\t\t\t<div class=\"elementor-widget-container\">\n\t\t\t<h2 class=\"elementor-heading-title elementor-size-default\">COLLECTE DES DONN\u00c9ES<\/h2>\t\t<\/div>\n\t\t\t\t<\/div>\n\t\t\t\t<div class=\"elementor-element elementor-element-99b76f4 elementor-widget elementor-widget-text-editor\" data-id=\"99b76f4\" data-element_type=\"widget\" data-widget_type=\"text-editor.default\">\n\t\t\t\t<div class=\"elementor-widget-container\">\n\t\t\t\t\t\t\t\u00ab www.newjump.com \u00bb collecte des donn\u00e9es personnelles :\nQuand vous nous contactez \u00e0 l\u2019aide d\u2019un de nos formulaires.\nQuelles sont les donn\u00e9es collect\u00e9es et pourquoi ?\nVos donn\u00e9es de contact, telles qu\u2019indiqu\u00e9es dans les formulaires, font l\u2019objet d\u2018un traitement informatis\u00e9 \u00e0 des fins de communication.<br><br>\n\nPour maintenir une protection \u00e9lev\u00e9e de vos donn\u00e9es issues des formulaires (nom, pr\u00e9nom, adresse email,\u2026) et en pr\u00e9server la confidentialit\u00e9, ces donn\u00e9es sont utilis\u00e9s pour un usage strictement interne, le temps d\u2019apporter une r\u00e9ponse \u00e0 votre demande.\t\t\t\t\t\t<\/div>\n\t\t\t\t<\/div>\n\t\t\t\t<div class=\"elementor-element elementor-element-b9aea7d elementor-widget elementor-widget-heading\" data-id=\"b9aea7d\" data-element_type=\"widget\" data-widget_type=\"heading.default\">\n\t\t\t\t<div class=\"elementor-widget-container\">\n\t\t\t<h2 class=\"elementor-heading-title elementor-size-default\">COMMENT VOIR OU SUPPRIMER MES DONN\u00c9ES ?<\/h2>\t\t<\/div>\n\t\t\t\t<\/div>\n\t\t\t\t<div class=\"elementor-element elementor-element-691569f elementor-widget elementor-widget-text-editor\" data-id=\"691569f\" data-element_type=\"widget\" data-widget_type=\"text-editor.default\">\n\t\t\t\t<div class=\"elementor-widget-container\">\n\t\t\t\t\t\t\t<p>Vous devez nous contacter directement par email \u00e0 l\u2019adresse suivante : rgpd @ newjump.com, afin de voir les donn\u00e9es collect\u00e9es et\/ou nous faire une demande de suppression. Nous vous r\u00e9pondons dans un d\u00e9lai de 30 jours.<\/p>\t\t\t\t\t\t<\/div>\n\t\t\t\t<\/div>\n\t\t\t\t<div class=\"elementor-element elementor-element-0f56004 elementor-widget elementor-widget-heading\" data-id=\"0f56004\" data-element_type=\"widget\" data-widget_type=\"heading.default\">\n\t\t\t\t<div class=\"elementor-widget-container\">\n\t\t\t<h2 class=\"elementor-heading-title elementor-size-default\">CONTACT ET DEMANDE RELATIFS \u00c0 VOS DONN\u00c9ES PERSONNELLES<\/h2>\t\t<\/div>\n\t\t\t\t<\/div>\n\t\t\t\t<div class=\"elementor-element elementor-element-f74363c elementor-widget elementor-widget-text-editor\" data-id=\"f74363c\" data-element_type=\"widget\" data-widget_type=\"text-editor.default\">\n\t\t\t\t<div class=\"elementor-widget-container\">\n\t\t\t\t\t\t\t<p style=\"font-size: 16px; font-style: normal; margin-bottom: 1rem; font-family: poppinsregular; line-height: 2rem; caret-color: rgb(33, 37, 41); color: rgb(33, 37, 41);\">New Jump N\u00eemes Trampoline park<br>115 avenue Pavlov<br>ZI St-C\u00e9zaire<br>30900 N\u00eemes<\/p>\n<p>rgpd @ newjump.com<\/p>\t\t\t\t\t\t<\/div>\n\t\t\t\t<\/div>\n\t\t\t\t<div class=\"elementor-element elementor-element-00b8b5b elementor-widget elementor-widget-heading\" data-id=\"00b8b5b\" data-element_type=\"widget\" data-widget_type=\"heading.default\">\n\t\t\t\t<div class=\"elementor-widget-container\">\n\t\t\t<h2 class=\"elementor-heading-title elementor-size-default\">UTILISATIONS DE COOKIES<\/h2>\t\t<\/div>\n\t\t\t\t<\/div>\n\t\t\t\t<div class=\"elementor-element elementor-element-f5ab0a5 elementor-widget elementor-widget-text-editor\" data-id=\"f5ab0a5\" data-element_type=\"widget\" data-widget_type=\"text-editor.default\">\n\t\t\t\t<div class=\"elementor-widget-container\">\n\t\t\t\t\t\t\tCe site n\u00e9cessite l\u2019utilisation de cookies (marqueur t\u00e9moin). Des informations non personnelles sont enregistr\u00e9es par ce syst\u00e8me, elles n\u2019ont aucune signification en dehors de leur utilisation sur le pr\u00e9sent site Internet. L\u2019internaute peut refuser ces cookies ou les supprimer. Nous vous conseillons de consulter l\u2019aide de votre navigateur pour conna\u00eetre la marche \u00e0 suivre.<br><br>\n\nDes mesures du nombre de visites, de pages vues ainsi que l\u2019activit\u00e9 des visiteurs sur le site et leur fr\u00e9quence de retour sont effectu\u00e9es sur le pr\u00e9sent site Internet.\t\t\t\t\t\t<\/div>\n\t\t\t\t<\/div>\n\t\t\t\t<div class=\"elementor-element elementor-element-5d3aee0 elementor-widget elementor-widget-heading\" data-id=\"5d3aee0\" data-element_type=\"widget\" data-widget_type=\"heading.default\">\n\t\t\t\t<div class=\"elementor-widget-container\">\n\t\t\t<h2 class=\"elementor-heading-title elementor-size-default\">GESTION DES COOKIES<\/h2>\t\t<\/div>\n\t\t\t\t<\/div>\n\t\t\t\t<div class=\"elementor-element elementor-element-2f1f4fd elementor-widget elementor-widget-text-editor\" data-id=\"2f1f4fd\" data-element_type=\"widget\" data-widget_type=\"text-editor.default\">\n\t\t\t\t<div class=\"elementor-widget-container\">\n\t\t\t\t\t\t\t<p>Nous utilisons des cookies persistants afin d\u2019am\u00e9liorer l\u2019exp\u00e9rience utilisateur. Ces cookies sont conserv\u00e9s sur votre ordinateur m\u00eame apr\u00e8s fermeture de votre navigateur et r\u00e9utilis\u00e9s lors de vos prochaines visites sur notre site.<\/p>\n<p>Cookies de sessions pr\u00e9sents sur ce site :<\/p>\n<p>Google analytics et Tag Manager.<\/p>\n<p>Vous avez la possibilit\u00e9 de d\u00e9sactiver les cookies en vous rendant dans les options de votre navigateur.<\/p><p><br><\/p><h2 style=\"font-style: normal; margin-top: 4rem; margin-bottom: 1.5rem; line-height: 1.2; color: rgb(145, 145, 145); font-size: 1.75rem; text-transform: uppercase; font-family: Arial, Helvetica, sans-serif; text-align: center;\">M\u00c9DIATION D&rsquo;UN LITIGE<\/h2><p style=\"font-style: normal; margin-bottom: 0.25rem; caret-color: rgb(33, 37, 41); color: rgb(33, 37, 41); font-family: Arial, Helvetica, sans-serif; font-size: 18px; text-align: center;\">Apr\u00e8s avoir saisi le service client&nbsp;<a href=\"mailto:contact@le199.fr\" style=\"color: rgb(33, 37, 41); cursor: pointer;\">contact@<\/a>newjumpnimes.com&nbsp;et \u00e0 d\u00e9faut de r\u00e9ponse satisfaisante ou en l&rsquo;absence de r\u00e9ponse, dans un d\u00e9lai de 60 jours, le client peut saisir le m\u00e9diateur du tourisme et du voyage, dont les coordonn\u00e9es et modalit\u00e9s de saisine sont disponibles sur son site&nbsp;<a href=\"https:\/\/www.mtv.travel\/\" target=\"_blank\" style=\"color: rgb(33, 37, 41); cursor: pointer;\">www.mtv.travel<\/a>.<\/p>\t\t\t\t\t\t<\/div>\n\t\t\t\t<\/div>\n\t\t\t\t\t<\/div>\n\t\t<\/div>\n\t\t\t\t\t<\/div>\n\t\t<\/section>\n\t\t\t\t<\/div>\n\t\t","protected":false},"excerpt":{"rendered":"<p>Mentions l\u00e9gales CONCEPTEUR \/ H\u00c9BERGEUR DU SITE Le site\u00a0newjumpnimes.com, ci-apr\u00e8s d\u00e9nomm\u00e9 Site Web, est la propri\u00e9t\u00e9 de SAS NEW JUMP INTERNATIONAL\u00a0, inscrit au RCS sous le num\u00e9ro de SIRET 83223606100012 et dont le si\u00e8ge social est situ\u00e9 \u00e0 1 LOT PIED MOURTEAU 33210 LANGON.Le responsable de la publication du Site Web est Mr Doc.New Jump [&hellip;]<\/p>\n","protected":false},"author":1,"featured_media":0,"parent":0,"menu_order":0,"comment_status":"closed","ping_status":"closed","template":"elementor_header_footer","meta":{"site-sidebar-layout":"no-sidebar","site-content-layout":"page-builder","ast-site-content-layout":"","site-content-style":"default","site-sidebar-style":"default","ast-global-header-display":"","ast-banner-title-visibility":"","ast-main-header-display":"","ast-hfb-above-header-display":"","ast-hfb-below-header-display":"","ast-hfb-mobile-header-display":"","site-post-title":"disabled","ast-breadcrumbs-content":"","ast-featured-img":"disabled","footer-sml-layout":"","theme-transparent-header-meta":"","adv-header-id-meta":"","stick-header-meta":"","header-above-stick-meta":"","header-main-stick-meta":"","header-below-stick-meta":"","astra-migrate-meta-layouts":"default","ast-page-background-enabled":"default","ast-page-background-meta":{"desktop":{"background-color":"var(--ast-global-color-4)","background-image":"","background-repeat":"repeat","background-position":"center center","background-size":"auto","background-attachment":"scroll","background-type":"","background-media":"","overlay-type":"","overlay-color":"","overlay-opacity":"","overlay-gradient":""},"tablet":{"background-color":"","background-image":"","background-repeat":"repeat","background-position":"center center","background-size":"auto","background-attachment":"scroll","background-type":"","background-media":"","overlay-type":"","overlay-color":"","overlay-opacity":"","overlay-gradient":""},"mobile":{"background-color":"","background-image":"","background-repeat":"repeat","background-position":"center center","background-size":"auto","background-attachment":"scroll","background-type":"","background-media":"","overlay-type":"","overlay-color":"","overlay-opacity":"","overlay-gradient":""}},"ast-content-background-meta":{"desktop":{"background-color":"var(--ast-global-color-5)","background-image":"","background-repeat":"repeat","background-position":"center center","background-size":"auto","background-attachment":"scroll","background-type":"","background-media":"","overlay-type":"","overlay-color":"","overlay-opacity":"","overlay-gradient":""},"tablet":{"background-color":"var(--ast-global-color-5)","background-image":"","background-repeat":"repeat","background-position":"center center","background-size":"auto","background-attachment":"scroll","background-type":"","background-media":"","overlay-type":"","overlay-color":"","overlay-opacity":"","overlay-gradient":""},"mobile":{"background-color":"var(--ast-global-color-5)","background-image":"","background-repeat":"repeat","background-position":"center center","background-size":"auto","background-attachment":"scroll","background-type":"","background-media":"","overlay-type":"","overlay-color":"","overlay-opacity":"","overlay-gradient":""}},"iawp_total_views":69,"footnotes":""},"class_list":["post-28","page","type-page","status-publish","hentry"],"_links":{"self":[{"href":"https:\/\/www.newjump.com\/nimes\/wp-json\/wp\/v2\/pages\/28","targetHints":{"allow":["GET"]}}],"collection":[{"href":"https:\/\/www.newjump.com\/nimes\/wp-json\/wp\/v2\/pages"}],"about":[{"href":"https:\/\/www.newjump.com\/nimes\/wp-json\/wp\/v2\/types\/page"}],"author":[{"embeddable":true,"href":"https:\/\/www.newjump.com\/nimes\/wp-json\/wp\/v2\/users\/1"}],"replies":[{"embeddable":true,"href":"https:\/\/www.newjump.com\/nimes\/wp-json\/wp\/v2\/comments?post=28"}],"version-history":[{"count":3,"href":"https:\/\/www.newjump.com\/nimes\/wp-json\/wp\/v2\/pages\/28\/revisions"}],"predecessor-version":[{"id":4708,"href":"https:\/\/www.newjump.com\/nimes\/wp-json\/wp\/v2\/pages\/28\/revisions\/4708"}],"wp:attachment":[{"href":"https:\/\/www.newjump.com\/nimes\/wp-json\/wp\/v2\/media?parent=28"}],"curies":[{"name":"wp","href":"https:\/\/api.w.org\/{rel}","templated":true}]}}