{"id":3289,"date":"2023-06-12T14:28:42","date_gmt":"2023-06-12T12:28:42","guid":{"rendered":"https:\/\/www.newjump.com\/langon\/?page_id=3289"},"modified":"2023-11-14T14:03:02","modified_gmt":"2023-11-14T13:03:02","slug":"articles","status":"publish","type":"page","link":"https:\/\/www.newjump.com\/montelimar\/articles\/","title":{"rendered":"articles"},"content":{"rendered":"\t\t<div data-elementor-type=\"wp-page\" data-elementor-id=\"3289\" class=\"elementor elementor-3289\" data-elementor-post-type=\"page\">\n\t\t\t\t\t\t<section class=\"elementor-section elementor-top-section elementor-element elementor-element-e9f5ce5 elementor-section-content-middle elementor-section-boxed elementor-section-height-default elementor-section-height-default\" data-id=\"e9f5ce5\" data-element_type=\"section\">\n\t\t\t\t\t\t<div class=\"elementor-container elementor-column-gap-default\">\n\t\t\t\t\t<div class=\"elementor-column elementor-col-100 elementor-top-column elementor-element elementor-element-cc83ecd\" data-id=\"cc83ecd\" data-element_type=\"column\" data-settings=\"{&quot;background_background&quot;:&quot;classic&quot;}\">\n\t\t\t<div class=\"elementor-widget-wrap elementor-element-populated\">\n\t\t\t\t\t\t<div class=\"elementor-element elementor-element-57de4ed elementor-widget elementor-widget-spacer\" data-id=\"57de4ed\" data-element_type=\"widget\" data-widget_type=\"spacer.default\">\n\t\t\t\t<div class=\"elementor-widget-container\">\n\t\t\t<style>\/*! elementor - v3.23.0 - 05-08-2024 *\/\n.elementor-column .elementor-spacer-inner{height:var(--spacer-size)}.e-con{--container-widget-width:100%}.e-con-inner>.elementor-widget-spacer,.e-con>.elementor-widget-spacer{width:var(--container-widget-width,var(--spacer-size));--align-self:var(--container-widget-align-self,initial);--flex-shrink:0}.e-con-inner>.elementor-widget-spacer>.elementor-widget-container,.e-con>.elementor-widget-spacer>.elementor-widget-container{height:100%;width:100%}.e-con-inner>.elementor-widget-spacer>.elementor-widget-container>.elementor-spacer,.e-con>.elementor-widget-spacer>.elementor-widget-container>.elementor-spacer{height:100%}.e-con-inner>.elementor-widget-spacer>.elementor-widget-container>.elementor-spacer>.elementor-spacer-inner,.e-con>.elementor-widget-spacer>.elementor-widget-container>.elementor-spacer>.elementor-spacer-inner{height:var(--container-widget-height,var(--spacer-size))}.e-con-inner>.elementor-widget-spacer.elementor-widget-empty,.e-con>.elementor-widget-spacer.elementor-widget-empty{position:relative;min-height:22px;min-width:22px}.e-con-inner>.elementor-widget-spacer.elementor-widget-empty .elementor-widget-empty-icon,.e-con>.elementor-widget-spacer.elementor-widget-empty .elementor-widget-empty-icon{position:absolute;top:0;bottom:0;left:0;right:0;margin:auto;padding:0;width:22px;height:22px}<\/style>\t\t<div class=\"elementor-spacer\">\n\t\t\t<div class=\"elementor-spacer-inner\"><\/div>\n\t\t<\/div>\n\t\t\t\t<\/div>\n\t\t\t\t<\/div>\n\t\t\t\t<div class=\"elementor-element elementor-element-69e4b56 elementor-widget elementor-widget-heading\" data-id=\"69e4b56\" data-element_type=\"widget\" data-widget_type=\"heading.default\">\n\t\t\t\t<div class=\"elementor-widget-container\">\n\t\t\t<style>\/*! elementor - v3.23.0 - 05-08-2024 *\/\n.elementor-heading-title{padding:0;margin:0;line-height:1}.elementor-widget-heading .elementor-heading-title[class*=elementor-size-]>a{color:inherit;font-size:inherit;line-height:inherit}.elementor-widget-heading .elementor-heading-title.elementor-size-small{font-size:15px}.elementor-widget-heading .elementor-heading-title.elementor-size-medium{font-size:19px}.elementor-widget-heading .elementor-heading-title.elementor-size-large{font-size:29px}.elementor-widget-heading .elementor-heading-title.elementor-size-xl{font-size:39px}.elementor-widget-heading .elementor-heading-title.elementor-size-xxl{font-size:59px}<\/style><h2 class=\"elementor-heading-title elementor-size-default\">Actualit\u00e9s<\/h2>\t\t<\/div>\n\t\t\t\t<\/div>\n\t\t\t\t<div class=\"elementor-element elementor-element-5800cd3 elementor-grid-4 elementor-posts--align-center elementor-grid-tablet-2 elementor-grid-mobile-1 elementor-posts--thumbnail-top elementor-widget elementor-widget-posts\" data-id=\"5800cd3\" data-element_type=\"widget\" data-settings=\"{&quot;classic_columns&quot;:&quot;4&quot;,&quot;classic_columns_tablet&quot;:&quot;2&quot;,&quot;classic_columns_mobile&quot;:&quot;1&quot;,&quot;classic_row_gap&quot;:{&quot;unit&quot;:&quot;px&quot;,&quot;size&quot;:35,&quot;sizes&quot;:[]},&quot;classic_row_gap_widescreen&quot;:{&quot;unit&quot;:&quot;px&quot;,&quot;size&quot;:&quot;&quot;,&quot;sizes&quot;:[]},&quot;classic_row_gap_laptop&quot;:{&quot;unit&quot;:&quot;px&quot;,&quot;size&quot;:&quot;&quot;,&quot;sizes&quot;:[]},&quot;classic_row_gap_tablet_extra&quot;:{&quot;unit&quot;:&quot;px&quot;,&quot;size&quot;:&quot;&quot;,&quot;sizes&quot;:[]},&quot;classic_row_gap_tablet&quot;:{&quot;unit&quot;:&quot;px&quot;,&quot;size&quot;:&quot;&quot;,&quot;sizes&quot;:[]},&quot;classic_row_gap_mobile_extra&quot;:{&quot;unit&quot;:&quot;px&quot;,&quot;size&quot;:&quot;&quot;,&quot;sizes&quot;:[]},&quot;classic_row_gap_mobile&quot;:{&quot;unit&quot;:&quot;px&quot;,&quot;size&quot;:&quot;&quot;,&quot;sizes&quot;:[]}}\" data-widget_type=\"posts.classic\">\n\t\t\t\t<div class=\"elementor-widget-container\">\n\t\t\t<link rel=\"stylesheet\" href=\"https:\/\/www.newjump.com\/montelimar\/wp-content\/plugins\/elementor-pro\/assets\/css\/widget-posts.min.css\">\t\t<div class=\"elementor-posts-container elementor-posts elementor-posts--skin-classic elementor-grid\">\n\t\t\t\t<article class=\"elementor-post elementor-grid-item post-4670 post type-post status-publish format-standard has-post-thumbnail hentry category-actualites category-articles\">\n\t\t\t\t<a class=\"elementor-post__thumbnail__link\" href=\"https:\/\/www.newjump.com\/montelimar\/en-mai-jumpe-comme-tu-veux\/actualites\/newjump-ville\/4670\/\" tabindex=\"-1\" >\n\t\t\t<div class=\"elementor-post__thumbnail\"><img fetchpriority=\"high\" decoding=\"async\" width=\"768\" height=\"960\" src=\"https:\/\/www.newjump.com\/montelimar\/wp-content\/uploads\/2026\/04\/ChatGPT-Image-28-avr.-2026-11_36_31-768x960.png\" class=\"attachment-medium_large size-medium_large wp-image-4679\" alt=\"\" srcset=\"https:\/\/www.newjump.com\/montelimar\/wp-content\/uploads\/2026\/04\/ChatGPT-Image-28-avr.-2026-11_36_31-768x960.png 768w, https:\/\/www.newjump.com\/montelimar\/wp-content\/uploads\/2026\/04\/ChatGPT-Image-28-avr.-2026-11_36_31-240x300.png 240w, https:\/\/www.newjump.com\/montelimar\/wp-content\/uploads\/2026\/04\/ChatGPT-Image-28-avr.-2026-11_36_31-819x1024.png 819w, https:\/\/www.newjump.com\/montelimar\/wp-content\/uploads\/2026\/04\/ChatGPT-Image-28-avr.-2026-11_36_31.png 1122w\" sizes=\"(max-width: 768px) 100vw, 768px\" \/><\/div>\n\t\t<\/a>\n\t\t\t\t<div class=\"elementor-post__text\">\n\t\t\t\t<h3 class=\"elementor-post__title\">\n\t\t\t<a href=\"https:\/\/www.newjump.com\/montelimar\/en-mai-jumpe-comme-tu-veux\/actualites\/newjump-ville\/4670\/\" >\n\t\t\t\tEn mai jump comme tu veux !\t\t\t<\/a>\n\t\t<\/h3>\n\t\t\n\t\t<a class=\"elementor-post__read-more\" href=\"https:\/\/www.newjump.com\/montelimar\/en-mai-jumpe-comme-tu-veux\/actualites\/newjump-ville\/4670\/\" aria-label=\"Read more about En mai jump comme tu veux !\" tabindex=\"-1\" >\n\t\t\tLire la suite &gt;&gt;\t\t<\/a>\n\n\t\t\t\t<\/div>\n\t\t\t\t<\/article>\n\t\t\t\t<article class=\"elementor-post elementor-grid-item post-4644 post type-post status-publish format-standard has-post-thumbnail hentry category-actualites category-articles\">\n\t\t\t\t<a class=\"elementor-post__thumbnail__link\" href=\"https:\/\/www.newjump.com\/montelimar\/%f0%9f%9a%80-en-avril-sautez-dans-le-printemps-avec-new-jump\/actualites\/newjump-ville\/4644\/\" tabindex=\"-1\" >\n\t\t\t<div class=\"elementor-post__thumbnail\"><img decoding=\"async\" width=\"768\" height=\"768\" src=\"https:\/\/www.newjump.com\/montelimar\/wp-content\/uploads\/2026\/04\/NJ-WEEK-END-Post-768x768.jpg\" class=\"attachment-medium_large size-medium_large wp-image-4645\" alt=\"\" srcset=\"https:\/\/www.newjump.com\/montelimar\/wp-content\/uploads\/2026\/04\/NJ-WEEK-END-Post-768x768.jpg 768w, https:\/\/www.newjump.com\/montelimar\/wp-content\/uploads\/2026\/04\/NJ-WEEK-END-Post-300x300.jpg 300w, https:\/\/www.newjump.com\/montelimar\/wp-content\/uploads\/2026\/04\/NJ-WEEK-END-Post-1024x1024.jpg 1024w, https:\/\/www.newjump.com\/montelimar\/wp-content\/uploads\/2026\/04\/NJ-WEEK-END-Post-150x150.jpg 150w, https:\/\/www.newjump.com\/montelimar\/wp-content\/uploads\/2026\/04\/NJ-WEEK-END-Post-1536x1536.jpg 1536w, https:\/\/www.newjump.com\/montelimar\/wp-content\/uploads\/2026\/04\/NJ-WEEK-END-Post-2048x2048.jpg 2048w\" sizes=\"(max-width: 768px) 100vw, 768px\" \/><\/div>\n\t\t<\/a>\n\t\t\t\t<div class=\"elementor-post__text\">\n\t\t\t\t<h3 class=\"elementor-post__title\">\n\t\t\t<a href=\"https:\/\/www.newjump.com\/montelimar\/%f0%9f%9a%80-en-avril-sautez-dans-le-printemps-avec-new-jump\/actualites\/newjump-ville\/4644\/\" >\n\t\t\t\t\ud83d\ude80 En avril, sautez dans le printemps avec New Jump !\t\t\t<\/a>\n\t\t<\/h3>\n\t\t\n\t\t<a class=\"elementor-post__read-more\" href=\"https:\/\/www.newjump.com\/montelimar\/%f0%9f%9a%80-en-avril-sautez-dans-le-printemps-avec-new-jump\/actualites\/newjump-ville\/4644\/\" aria-label=\"Read more about \ud83d\ude80 En avril, sautez dans le printemps avec New Jump !\" tabindex=\"-1\" >\n\t\t\tLire la suite &gt;&gt;\t\t<\/a>\n\n\t\t\t\t<\/div>\n\t\t\t\t<\/article>\n\t\t\t\t<article class=\"elementor-post elementor-grid-item post-4617 post type-post status-publish format-standard has-post-thumbnail hentry category-actualites category-articles\">\n\t\t\t\t<a class=\"elementor-post__thumbnail__link\" href=\"https:\/\/www.newjump.com\/montelimar\/mars-chez-new-jump-le-grand-reveil-du-printemps\/actualites\/newjump-ville\/4617\/\" tabindex=\"-1\" >\n\t\t\t<div class=\"elementor-post__thumbnail\"><img decoding=\"async\" width=\"768\" height=\"960\" src=\"https:\/\/www.newjump.com\/montelimar\/wp-content\/uploads\/2026\/03\/NJ-POST-SOMMEIL-768x960.png\" class=\"attachment-medium_large size-medium_large wp-image-4618\" alt=\"\" srcset=\"https:\/\/www.newjump.com\/montelimar\/wp-content\/uploads\/2026\/03\/NJ-POST-SOMMEIL-768x960.png 768w, https:\/\/www.newjump.com\/montelimar\/wp-content\/uploads\/2026\/03\/NJ-POST-SOMMEIL-240x300.png 240w, https:\/\/www.newjump.com\/montelimar\/wp-content\/uploads\/2026\/03\/NJ-POST-SOMMEIL-819x1024.png 819w, https:\/\/www.newjump.com\/montelimar\/wp-content\/uploads\/2026\/03\/NJ-POST-SOMMEIL.png 1080w\" sizes=\"(max-width: 768px) 100vw, 768px\" \/><\/div>\n\t\t<\/a>\n\t\t\t\t<div class=\"elementor-post__text\">\n\t\t\t\t<h3 class=\"elementor-post__title\">\n\t\t\t<a href=\"https:\/\/www.newjump.com\/montelimar\/mars-chez-new-jump-le-grand-reveil-du-printemps\/actualites\/newjump-ville\/4617\/\" >\n\t\t\t\tMars chez New Jump : Le grand r\u00e9veil du printemps !\t\t\t<\/a>\n\t\t<\/h3>\n\t\t\n\t\t<a class=\"elementor-post__read-more\" href=\"https:\/\/www.newjump.com\/montelimar\/mars-chez-new-jump-le-grand-reveil-du-printemps\/actualites\/newjump-ville\/4617\/\" aria-label=\"Read more about Mars chez New Jump : Le grand r\u00e9veil du printemps !\" tabindex=\"-1\" >\n\t\t\tLire la suite &gt;&gt;\t\t<\/a>\n\n\t\t\t\t<\/div>\n\t\t\t\t<\/article>\n\t\t\t\t<article class=\"elementor-post elementor-grid-item post-4602 post type-post status-publish format-standard has-post-thumbnail hentry category-actualites category-articles\">\n\t\t\t\t<a class=\"elementor-post__thumbnail__link\" href=\"https:\/\/www.newjump.com\/montelimar\/chez-new-jump-des-vacances-dhiver-pleines-denergie-au-chaud-et-en-mouvement\/actualites\/newjump-ville\/4602\/\" tabindex=\"-1\" >\n\t\t\t<div class=\"elementor-post__thumbnail\"><img loading=\"lazy\" decoding=\"async\" width=\"768\" height=\"960\" src=\"https:\/\/www.newjump.com\/montelimar\/wp-content\/uploads\/2026\/01\/NJ-POST-CHANDELEUR-768x960.png\" class=\"attachment-medium_large size-medium_large wp-image-4603\" alt=\"\" srcset=\"https:\/\/www.newjump.com\/montelimar\/wp-content\/uploads\/2026\/01\/NJ-POST-CHANDELEUR-768x960.png 768w, https:\/\/www.newjump.com\/montelimar\/wp-content\/uploads\/2026\/01\/NJ-POST-CHANDELEUR-240x300.png 240w, https:\/\/www.newjump.com\/montelimar\/wp-content\/uploads\/2026\/01\/NJ-POST-CHANDELEUR-819x1024.png 819w, https:\/\/www.newjump.com\/montelimar\/wp-content\/uploads\/2026\/01\/NJ-POST-CHANDELEUR.png 1080w\" sizes=\"(max-width: 768px) 100vw, 768px\" \/><\/div>\n\t\t<\/a>\n\t\t\t\t<div class=\"elementor-post__text\">\n\t\t\t\t<h3 class=\"elementor-post__title\">\n\t\t\t<a href=\"https:\/\/www.newjump.com\/montelimar\/chez-new-jump-des-vacances-dhiver-pleines-denergie-au-chaud-et-en-mouvement\/actualites\/newjump-ville\/4602\/\" >\n\t\t\t\tChez New Jump : des vacances d\u2019hiver pleines d\u2019\u00e9nergie, au chaud et en mouvement\t\t\t<\/a>\n\t\t<\/h3>\n\t\t\n\t\t<a class=\"elementor-post__read-more\" href=\"https:\/\/www.newjump.com\/montelimar\/chez-new-jump-des-vacances-dhiver-pleines-denergie-au-chaud-et-en-mouvement\/actualites\/newjump-ville\/4602\/\" aria-label=\"Read more about Chez New Jump : des vacances d\u2019hiver pleines d\u2019\u00e9nergie, au chaud et en mouvement\" tabindex=\"-1\" >\n\t\t\tLire la suite &gt;&gt;\t\t<\/a>\n\n\t\t\t\t<\/div>\n\t\t\t\t<\/article>\n\t\t\t\t<article class=\"elementor-post elementor-grid-item post-4582 post type-post status-publish format-standard has-post-thumbnail hentry category-actualites category-articles\">\n\t\t\t\t<a class=\"elementor-post__thumbnail__link\" href=\"https:\/\/www.newjump.com\/montelimar\/2026-elevez-votre-energie-et-vibrez-avec-new-jump-%e2%9c%a8\/actualites\/newjump-ville\/4582\/\" tabindex=\"-1\" >\n\t\t\t<div class=\"elementor-post__thumbnail\"><img loading=\"lazy\" decoding=\"async\" width=\"768\" height=\"960\" src=\"https:\/\/www.newjump.com\/montelimar\/wp-content\/uploads\/2025\/12\/NJ-POST-EDUCATION-768x960.png\" class=\"attachment-medium_large size-medium_large wp-image-4583\" alt=\"\" srcset=\"https:\/\/www.newjump.com\/montelimar\/wp-content\/uploads\/2025\/12\/NJ-POST-EDUCATION-768x960.png 768w, https:\/\/www.newjump.com\/montelimar\/wp-content\/uploads\/2025\/12\/NJ-POST-EDUCATION-240x300.png 240w, https:\/\/www.newjump.com\/montelimar\/wp-content\/uploads\/2025\/12\/NJ-POST-EDUCATION-819x1024.png 819w, https:\/\/www.newjump.com\/montelimar\/wp-content\/uploads\/2025\/12\/NJ-POST-EDUCATION.png 1080w\" sizes=\"(max-width: 768px) 100vw, 768px\" \/><\/div>\n\t\t<\/a>\n\t\t\t\t<div class=\"elementor-post__text\">\n\t\t\t\t<h3 class=\"elementor-post__title\">\n\t\t\t<a href=\"https:\/\/www.newjump.com\/montelimar\/2026-elevez-votre-energie-et-vibrez-avec-new-jump-%e2%9c%a8\/actualites\/newjump-ville\/4582\/\" >\n\t\t\t\t2026 : \u00c9levez votre \u00e9nergie et vibrez avec New Jump ! \u2728\t\t\t<\/a>\n\t\t<\/h3>\n\t\t\n\t\t<a class=\"elementor-post__read-more\" href=\"https:\/\/www.newjump.com\/montelimar\/2026-elevez-votre-energie-et-vibrez-avec-new-jump-%e2%9c%a8\/actualites\/newjump-ville\/4582\/\" aria-label=\"Read more about 2026 : \u00c9levez votre \u00e9nergie et vibrez avec New Jump ! \u2728\" tabindex=\"-1\" >\n\t\t\tLire la suite &gt;&gt;\t\t<\/a>\n\n\t\t\t\t<\/div>\n\t\t\t\t<\/article>\n\t\t\t\t<article class=\"elementor-post elementor-grid-item post-4547 post type-post status-publish format-standard has-post-thumbnail hentry category-actualites category-articles\">\n\t\t\t\t<a class=\"elementor-post__thumbnail__link\" href=\"https:\/\/www.newjump.com\/montelimar\/%e2%9d%84%ef%b8%8f-en-decembre-venez-vous-eclater-et-vous-depenser-chez-new-jump-%f0%9f%8e%85%f0%9f%a7%a6\/actualites\/newjump-ville\/4547\/\" tabindex=\"-1\" >\n\t\t\t<div class=\"elementor-post__thumbnail\"><img loading=\"lazy\" decoding=\"async\" width=\"768\" height=\"960\" src=\"https:\/\/www.newjump.com\/montelimar\/wp-content\/uploads\/2025\/11\/NJ-Post-joyeux-noel-768x960.png\" class=\"attachment-medium_large size-medium_large wp-image-4548\" alt=\"\" srcset=\"https:\/\/www.newjump.com\/montelimar\/wp-content\/uploads\/2025\/11\/NJ-Post-joyeux-noel-768x960.png 768w, https:\/\/www.newjump.com\/montelimar\/wp-content\/uploads\/2025\/11\/NJ-Post-joyeux-noel-240x300.png 240w, https:\/\/www.newjump.com\/montelimar\/wp-content\/uploads\/2025\/11\/NJ-Post-joyeux-noel-819x1024.png 819w, https:\/\/www.newjump.com\/montelimar\/wp-content\/uploads\/2025\/11\/NJ-Post-joyeux-noel.png 1080w\" sizes=\"(max-width: 768px) 100vw, 768px\" \/><\/div>\n\t\t<\/a>\n\t\t\t\t<div class=\"elementor-post__text\">\n\t\t\t\t<h3 class=\"elementor-post__title\">\n\t\t\t<a href=\"https:\/\/www.newjump.com\/montelimar\/%e2%9d%84%ef%b8%8f-en-decembre-venez-vous-eclater-et-vous-depenser-chez-new-jump-%f0%9f%8e%85%f0%9f%a7%a6\/actualites\/newjump-ville\/4547\/\" >\n\t\t\t\t\u2744\ufe0f En d\u00e9cembre, venez vous \u00e9clater et vous d\u00e9penser chez New Jump ! \ud83c\udf85\ud83e\udde6\t\t\t<\/a>\n\t\t<\/h3>\n\t\t\n\t\t<a class=\"elementor-post__read-more\" href=\"https:\/\/www.newjump.com\/montelimar\/%e2%9d%84%ef%b8%8f-en-decembre-venez-vous-eclater-et-vous-depenser-chez-new-jump-%f0%9f%8e%85%f0%9f%a7%a6\/actualites\/newjump-ville\/4547\/\" aria-label=\"Read more about \u2744\ufe0f En d\u00e9cembre, venez vous \u00e9clater et vous d\u00e9penser chez New Jump ! \ud83c\udf85\ud83e\udde6\" tabindex=\"-1\" >\n\t\t\tLire la suite &gt;&gt;\t\t<\/a>\n\n\t\t\t\t<\/div>\n\t\t\t\t<\/article>\n\t\t\t\t<\/div>\n\t\t\n\t\t\t\t<\/div>\n\t\t\t\t<\/div>\n\t\t\t\t\t<\/div>\n\t\t<\/div>\n\t\t\t\t\t<\/div>\n\t\t<\/section>\n\t\t\t\t<\/div>\n\t\t","protected":false},"excerpt":{"rendered":"<p>Actualit\u00e9s<\/p>\n","protected":false},"author":1,"featured_media":0,"parent":0,"menu_order":0,"comment_status":"closed","ping_status":"closed","template":"","meta":{"_sitemap_exclude":false,"_sitemap_priority":"","_sitemap_frequency":"","site-sidebar-layout":"no-sidebar","site-content-layout":"page-builder","ast-site-content-layout":"full-width-container","site-content-style":"unboxed","site-sidebar-style":"unboxed","ast-global-header-display":"","ast-banner-title-visibility":"","ast-main-header-display":"","ast-hfb-above-header-display":"","ast-hfb-below-header-display":"","ast-hfb-mobile-header-display":"","site-post-title":"disabled","ast-breadcrumbs-content":"","ast-featured-img":"disabled","footer-sml-layout":"","theme-transparent-header-meta":"","adv-header-id-meta":"","stick-header-meta":"","header-above-stick-meta":"","header-main-stick-meta":"","header-below-stick-meta":"","astra-migrate-meta-layouts":"set","ast-page-background-enabled":"default","ast-page-background-meta":{"desktop":{"background-color":"var(--ast-global-color-4)","background-image":"","background-repeat":"repeat","background-position":"center center","background-size":"auto","background-attachment":"scroll","background-type":"","background-media":"","overlay-type":"","overlay-color":"","overlay-opacity":"","overlay-gradient":""},"tablet":{"background-color":"","background-image":"","background-repeat":"repeat","background-position":"center center","background-size":"auto","background-attachment":"scroll","background-type":"","background-media":"","overlay-type":"","overlay-color":"","overlay-opacity":"","overlay-gradient":""},"mobile":{"background-color":"","background-image":"","background-repeat":"repeat","background-position":"center center","background-size":"auto","background-attachment":"scroll","background-type":"","background-media":"","overlay-type":"","overlay-color":"","overlay-opacity":"","overlay-gradient":""}},"ast-content-background-meta":{"desktop":{"background-color":"var(--ast-global-color-5)","background-image":"","background-repeat":"repeat","background-position":"center center","background-size":"auto","background-attachment":"scroll","background-type":"","background-media":"","overlay-type":"","overlay-color":"","overlay-opacity":"","overlay-gradient":""},"tablet":{"background-color":"var(--ast-global-color-5)","background-image":"","background-repeat":"repeat","background-position":"center center","background-size":"auto","background-attachment":"scroll","background-type":"","background-media":"","overlay-type":"","overlay-color":"","overlay-opacity":"","overlay-gradient":""},"mobile":{"background-color":"var(--ast-global-color-5)","background-image":"","background-repeat":"repeat","background-position":"center center","background-size":"auto","background-attachment":"scroll","background-type":"","background-media":"","overlay-type":"","overlay-color":"","overlay-opacity":"","overlay-gradient":""}},"iawp_total_views":87,"footnotes":""},"class_list":["post-3289","page","type-page","status-publish","hentry"],"_links":{"self":[{"href":"https:\/\/www.newjump.com\/montelimar\/wp-json\/wp\/v2\/pages\/3289","targetHints":{"allow":["GET"]}}],"collection":[{"href":"https:\/\/www.newjump.com\/montelimar\/wp-json\/wp\/v2\/pages"}],"about":[{"href":"https:\/\/www.newjump.com\/montelimar\/wp-json\/wp\/v2\/types\/page"}],"author":[{"embeddable":true,"href":"https:\/\/www.newjump.com\/montelimar\/wp-json\/wp\/v2\/users\/1"}],"replies":[{"embeddable":true,"href":"https:\/\/www.newjump.com\/montelimar\/wp-json\/wp\/v2\/comments?post=3289"}],"version-history":[{"count":35,"href":"https:\/\/www.newjump.com\/montelimar\/wp-json\/wp\/v2\/pages\/3289\/revisions"}],"predecessor-version":[{"id":3821,"href":"https:\/\/www.newjump.com\/montelimar\/wp-json\/wp\/v2\/pages\/3289\/revisions\/3821"}],"wp:attachment":[{"href":"https:\/\/www.newjump.com\/montelimar\/wp-json\/wp\/v2\/media?parent=3289"}],"curies":[{"name":"wp","href":"https:\/\/api.w.org\/{rel}","templated":true}]}}